{"id":615,"date":"2024-04-01T04:57:39","date_gmt":"2024-04-01T08:57:39","guid":{"rendered":"http:\/\/ulloa-law.com\/areas-de-practica\/family-law\/"},"modified":"2024-04-02T05:36:26","modified_gmt":"2024-04-02T09:36:26","slug":"derecho-de-familia","status":"publish","type":"page","link":"https:\/\/ulloa-law.com\/es\/areas-de-practica\/derecho-de-familia\/","title":{"rendered":"Derecho de familia"},"content":{"rendered":"<div class=\"wpb-content-wrapper\"><p>[vc_row full_width=\u00bbstretch_row\u00bb css=\u00bb.vc_custom_1712050580672{padding-top: 100px !important;padding-bottom: 100px !important;background-image: url(http:\/\/ulloa-law.com\/wp-content\/uploads\/2024\/03\/sub-banner-v1-bg.2303201309062.jpg?id=604) !important;background-position: center !important;background-repeat: no-repeat !important;background-size: cover !important;}\u00bb el_class=\u00bbcabeceraInterior\u00bb][vc_column width=\u00bb1\/2&#8243;][\/vc_column][vc_column width=\u00bb1\/2&#8243; css=\u00bb.vc_custom_1711622887942{padding-top: 125px !important;padding-right: 50px !important;padding-bottom: 75px !important;padding-left: 75px !important;background-color: #001137 !important;}\u00bb][vc_column_text]<\/p>\n<h1>Derecho de Familia<\/h1>\n<p>[\/vc_column_text][\/vc_column][\/vc_row][vc_row gap=\u00bb35&#8243; equal_height=\u00bbyes\u00bb css=\u00bb.vc_custom_1711712696320{padding-top: 50px !important;padding-bottom: 50px !important;}\u00bb][vc_column width=\u00bb2\/3&#8243; el_class=\u00bbcolumnaTXTMenuVertical\u00bb][vc_column_text]<\/p>\n<h1>Abogados de derecho de familia en Doral<\/h1>\n<h2>Representaci\u00f3n compasiva y de confianza en Doral, Miami y Alrededores<\/h2>\n<p>En Ulloa Law, LLC, ofrecemos a nuestros clientes el m\u00e1s alto nivel de representaci\u00f3n legal en asuntos de derecho de familia. Nuestro equipo de abogados cualificados y con experiencia se compromete a ayudar a nuestros clientes a proteger sus intereses y sus familias. Desde procedimientos de divorcio y disputas por la custodia de menores, hasta acuerdos de manutenci\u00f3n conyugal y acuerdos prematrimoniales, estamos aqu\u00ed para garantizar que sus derechos est\u00e9n protegidos y que reciba el trato justo que usted se merece.<\/p>\n<p><strong>Para discutir su caso con un miembro de nuestro equipo, llame al (305) 783-3097 o complete nuestro formulario de <\/strong><a href=\"https:\/\/www.ulloa-law.com\/espanol\/contacto\/\"><strong>contacto\u00a0online<\/strong><\/a><strong> hoy mismo.\u00a0<\/strong><\/p>\n<h3>Tipos de casos de derecho de familia<\/h3>\n<p>Los asuntos de derecho de familia abarcan una amplia gama de cuestiones jur\u00eddicas relacionadas con la unidad familiar. <strong>Estos asuntos pueden incluir:\u00a0<\/strong><\/p>\n<ul>\n<li><strong>Adopci\u00f3n.<\/strong> La adopci\u00f3n es el proceso legal por el cual un adulto se convierte en el padre de otra persona con la que no est\u00e1 biol\u00f3gicamente relacionado. En el caso de ni\u00f1os menores de dieciocho (18) a\u00f1os, el estado debe definir su situaci\u00f3n con el prop\u00f3sito especial de garantizarles, cuando se encuentren en estado de adoptabilidad, su derecho a desarrollarse en un entorno familiar adecuado. En Honduras, la adopci\u00f3n requiere 2 procesos:<\/li>\n<\/ul>\n<ol>\n<li>El proceso administrativo, que es conocido por la Direcci\u00f3n de Ni\u00f1ez, Adolescencia y Familia (DINAF)<\/li>\n<li>El proceso judicial, que es conocido por el Tribunal de Familia de Primera Instancia. En ambos se deben cumplir todos los requisitos establecidos en la Ley Especial de Adopci\u00f3n y sus regulaciones.<\/li>\n<\/ol>\n<ul>\n<li><strong>Anulaci\u00f3n.\u00a0<\/strong>Una anulaci\u00f3n es un procedimiento legal que anula un matrimonio, de manera que es como si nunca hubiera existido. En Honduras, un matrimonio puede ser anulado en 4 situaciones:<\/li>\n<\/ul>\n<ol>\n<li>Cuando las personas que lo contraen carecen de la capacidad legal para hacerlo.<\/li>\n<li>Si una o ambas partes eran menores de 18 a\u00f1os en el momento del matrimonio.<\/li>\n<li>Cuando se contrae por error, coacci\u00f3n o intimidaci\u00f3n que mina el consentimiento matrimonial y,<\/li>\n<li>Debido a la impotencia absoluta que impide la relaci\u00f3n matrimonial. Si cualquiera de las partes ya estaba casada con otra persona o si cualquiera de las partes estaba mentalmente incapacitada en el momento del matrimonio.<\/li>\n<\/ol>\n<ul>\n<li><strong>Custodia\/visitas de menores.\u00a0<\/strong>La custodia se refiere a qui\u00e9n de los progenitores tiene autoridad legal sobre las decisiones con respecto a sus hijos o su crianza. En Honduras, la custodia y el cuidado pueden otorgarse a trav\u00e9s de un acuerdo entre ambos progenitores o a trav\u00e9s de procedimientos judiciales en los que un juez tomar\u00e1 una determinaci\u00f3n basada en lo que crea que es mejor para el menor o menores involucrados.<\/li>\n<li><strong>Manutenci\u00f3n infantil.\u00a0<\/strong>La manutenci\u00f3n infantil es el dinero pagado por uno de los progenitores al otro para ayudar a mantener financieramente a sus hijos. En Honduras, se entiende por alimentaci\u00f3n todo aquello que es esencial para el desarrollo integral de una persona, como sustento, vivienda, ropa, asistencia m\u00e9dica, formaci\u00f3n integral y educaci\u00f3n. Los pagos de pensi\u00f3n alimenticia o manutenci\u00f3n infantil se determinan en funci\u00f3n de los ingresos de cada progenitor y de otros factores, como los costos del seguro m\u00e9dico y los gastos de guarder\u00eda.<\/li>\n<li><strong>Disoluci\u00f3n del matrimonio.\u00a0<\/strong>El divorcio o la disoluci\u00f3n es el proceso legal de terminar un matrimonio. En Honduras, la disoluci\u00f3n del matrimonio puede ocurrir por las siguientes razones:<\/li>\n<\/ul>\n<ol>\n<li>Por fallecimiento de uno (1) de los c\u00f3nyuges.<\/li>\n<li>Debido a la presunci\u00f3n de muerte de uno (1) de los c\u00f3nyuges, declarada de acuerdo con la ley.<\/li>\n<li>Por declaraci\u00f3n de nulidad del matrimonio; y<\/li>\n<li>Por sentencia firme que declara el divorcio.<\/li>\n<\/ol>\n<p>El proceso de divorcio requiere presentar una petici\u00f3n ante el Tribunal de Familia, para disolver el v\u00ednculo matrimonial que produce los efectos indicados en el C\u00f3digo de Familia, y obtener una decisi\u00f3n final de un juez.<\/p>\n<ul>\n<li><strong>Tutela.\u00a0<\/strong>Este asunto de derecho de familia se refiere al proceso legal por el que se designa a un adulto para cuidar del bienestar f\u00edsico y\/o financiero de otra persona que no puede o no es capaz de hacerlo por s\u00ed misma.<\/li>\n<li><strong>Acuerdos matrimoniales.\u00a0<\/strong>\u00a0Los acuerdos matrimoniales son documentos legales que establecen los t\u00e9rminos y condiciones de la relaci\u00f3n de pareja. Estos acuerdos pueden incluir acuerdos prematrimoniales, acuerdos post-matrimoniales y acuerdos de conciliaci\u00f3n matrimonial.<\/li>\n<li><strong>Mediaci\u00f3n.\u00a0<\/strong>Esta resoluci\u00f3n alternativa de disputas es un proceso en el que una tercera parte neutral ayuda a las otras dos partes a resolver sus diferencias y llegar a un acuerdo.<\/li>\n<li><strong>Cambios de nombre.\u00a0<\/strong>\u00a0Un cambio de nombre es un proceso legal que permite a una persona cambiar su nombre por cualquier motivo. En Florida, las personas deben presentar una petici\u00f3n ante el tribunal y comparecer ante un juez para obtener la aprobaci\u00f3n de su cambio de nombre.<\/li>\n<li><strong>Patria potestad.\u00a0<\/strong>Tambi\u00e9n conocida como derechos parentales<strong>,\u00a0<\/strong>son los derechos y responsabilidades legales que los progenitores tienen con respecto a sus hijos. Estos derechos pueden incluir el derecho a tomar decisiones con respecto a la crianza y educaci\u00f3n del menor, as\u00ed como su apoyo financiero.<\/li>\n<li><strong>Paternidad.\u00a0<\/strong>La paternidad es la determinaci\u00f3n legal de qui\u00e9n es el padre biol\u00f3gico de un menor. En Honduras, la paternidad se puede establecer a trav\u00e9s de un acuerdo entre ambos c\u00f3nyuges o a trav\u00e9s de procedimientos judiciales en los que un juez tomar\u00e1 una decisi\u00f3n basada en evidencias gen\u00e9ticas y de otro tipo.<\/li>\n<\/ul>\n<h3>\u00bfPuedo divorciarme en Florida si me mud\u00e9 aqu\u00ed desde el extranjero?<\/h3>\n<p>Si se ha mudado recientemente a Florida desde otro pa\u00eds, es posible que se pregunte si puede divorciarse en este estado. La respuesta es s\u00ed.<\/p>\n<p>Legalmente, si uno de los c\u00f3nyuges deja de residir en Honduras para irse a vivir a otro pa\u00eds, puede divorciarse perfectamente a trav\u00e9s de un representante legal (abogado) residente en Honduras, a trav\u00e9s de un poder notarial general para demandas debidamente legalizadas por el Secretario de Relaciones Exteriores de Honduras.<\/p>\n<h3>\u00bfQu\u00e9 es una Petici\u00f3n para Registrar una Sentencia Extranjera en Florida o Registrar una Sentencia de Florida en Honduras?<\/h3>\n<p>Si usted, su ex c\u00f3nyuge o la persona con la que comparte la paternidad de sus hijos se ha mudado al estado de Florida, entonces es posible buscar la ejecuci\u00f3n o modificaci\u00f3n de una Sentencia Final de otro pa\u00eds a trav\u00e9s de la domesticaci\u00f3n con los tribunales. Seg\u00fan la ley de Florida, las sentencias de divorcio o paternidad emitidas por otros estados y pa\u00edses se consideran sentencias \u00abextranjeras\u00bb, y para ser reconocidas y ejecutadas por el estado, primero deben ser \u201cdomesticadas\u201d. En Honduras se pueden registrar sentencias dictadas por tribunales extranjeros, siempre y cuando se cumplan los requisitos establecidos por la ley. En Honduras, este procedimiento de aprobaci\u00f3n se conoce como <em>pareatis<\/em>, <em>auto de pareatis<\/em> o exequ\u00e1tur. Exequ\u00e1tur significa ejecutar, diferente de su otro significado; la autorizaci\u00f3n otorgada por el Estado para ejercer la profesi\u00f3n de notario.<\/p>\n<p>El C\u00f3digo de Derecho Internacional Privado o C\u00f3digo de Bustamante (La Habana (1928)), dedica su d\u00e9cimo t\u00edtulo a la ejecuci\u00f3n de sentencias dictadas por tribunales extranjeros (art\u00edculos 423 a 433). Toda sentencia civil o contencioso-administrativa dictada en uno de los estados contratantes (Am\u00e9rica), tendr\u00e1 fuerza y podr\u00e1 ejecutarse en los dem\u00e1s. Adem\u00e1s, se requiere la traducci\u00f3n de los documentos por un traductor oficial del estado en el que se ejecutar\u00e1. El C\u00f3digo de Procedimientos Comunes tambi\u00e9n exige la legalizaci\u00f3n de documentos. Bustamante incluye algo interesante, y es que se puede solicitar la ejecuci\u00f3n de las sentencias dictadas por mediadores o terceras partes neutrales (Art\u00edculo 432). Otro tema interesante que incluye Bustamante es el penal: \u00abNing\u00fan estado contratante ejecutar\u00e1 las sentencias dictadas en uno de los otros en materia penal, en t\u00e9rminos de sanciones de esa orden que impongan\u00bb, (Art\u00edculo 436), aunque dichas sentencias pueden ejecutarse en materia de responsabilidad civil (Art\u00edculo 437).<\/p>\n<p>La solicitud de <em>Auto Pariatis<\/em> se presenta ante el Secretario General del Tribunal Supremo de Justicia de Honduras, para proceder a la validaci\u00f3n de los documentos, y luego se env\u00edan al tribunal que por jurisdicci\u00f3n es responsable de registrar o ejecutar una sentencia emitida en el extranjero. Una vez presentada, todas las partes involucradas en la sentencia original deben ser notificadas. Una vez que esto se haya completado, se llevar\u00e1 a cabo una audiencia para determinar si la sentencia extranjera debe registrarse y ejecutarse en Honduras.<\/p>\n<p>Si se concede el registro, entonces la sentencia extranjera se convierte en ejecutable, como si hubiera sido emitida por un tribunal en Honduras. Esto significa que los acreedores pueden tomar medidas como embargar salarios o cobrar cuentas bancarias para cobrar su deuda. Tambi\u00e9n protege contra cualquier intento de cancelar o modificar la sentencia original sin el permiso de ambas partes involucradas.[\/vc_column_text][\/vc_column][vc_column width=\u00bb1\/3&#8243; el_class=\u00bbcolumnaMenuVertical accionContacto\u00bb css=\u00bb.vc_custom_1711713598510{padding-top: 75px !important;padding-right: 75px !important;padding-bottom: 50px !important;padding-left: 50px !important;background-color: #001137 !important;}\u00bb][vc_column_text]<\/p>\n<h3>\u00c1reas de pr\u00e1ctica<\/h3>\n<p>[\/vc_column_text][vc_widget_sidebar sidebar_id=\u00bbsidebar-menu-interior-vertical\u00bb][vc_column_text]<\/p>\n<h1>\u00bfLISTO PARA DISCUTIR SU CASO?<\/h1>\n<h2>CONT\u00c1CTENOS<\/h2>\n<p>[\/vc_column_text]\n<div class=\"wpcf7 no-js\" id=\"wpcf7-f591-o1\" lang=\"en-US\" dir=\"ltr\">\n<div class=\"screen-reader-response\"><p role=\"status\" aria-live=\"polite\" aria-atomic=\"true\"><\/p> <ul><\/ul><\/div>\n<form action=\"\/es\/wp-json\/wp\/v2\/pages\/615#wpcf7-f591-o1\" method=\"post\" class=\"wpcf7-form init\" aria-label=\"Contact form\" novalidate=\"novalidate\" data-status=\"init\">\n<div style=\"display: none;\">\n<input type=\"hidden\" name=\"_wpcf7\" value=\"591\" \/>\n<input type=\"hidden\" name=\"_wpcf7_version\" value=\"5.9.4\" \/>\n<input type=\"hidden\" name=\"_wpcf7_locale\" value=\"en_US\" \/>\n<input type=\"hidden\" name=\"_wpcf7_unit_tag\" value=\"wpcf7-f591-o1\" \/>\n<input type=\"hidden\" name=\"_wpcf7_container_post\" value=\"0\" \/>\n<input type=\"hidden\" name=\"_wpcf7_posted_data_hash\" value=\"\" \/>\n<\/div>\n<div class=\"wpb_column vc_column_container vc_col-sm-6\">\n\t<div class=\"vc_column-inner\">\n\t\t<div class=\"wpb_wrapper\">\n\t\t\t<div class=\"wpb_text_column wpb_content_element \">\n\t\t\t\t<div class=\"wpb_wrapper\">\n\t\t\t\t\t<p><label> Nombre<br \/>\n<span class=\"wpcf7-form-control-wrap\" data-name=\"your-name\"><input size=\"40\" class=\"wpcf7-form-control wpcf7-text wpcf7-validates-as-required\" autocomplete=\"name\" aria-required=\"true\" aria-invalid=\"false\" value=\"\" type=\"text\" name=\"your-name\" \/><\/span> <\/label>\n\t\t\t\t\t<\/p>\n\t\t\t\t<\/div>\n\t\t\t<\/div>\n\t\t<\/div>\n\t<\/div>\n<\/div>\n<div class=\"wpb_column vc_column_container vc_col-sm-6\">\n\t<div class=\"vc_column-inner\">\n\t\t<div class=\"wpb_wrapper\">\n\t\t\t<div class=\"wpb_text_column wpb_content_element \">\n\t\t\t\t<div class=\"wpb_wrapper\">\n\t\t\t\t\t<p><label> Apellidos<br \/>\n<span class=\"wpcf7-form-control-wrap\" data-name=\"your-lastname\"><input size=\"40\" class=\"wpcf7-form-control wpcf7-text wpcf7-validates-as-required\" autocomplete=\"lastname\" aria-required=\"true\" aria-invalid=\"false\" value=\"\" type=\"text\" name=\"your-lastname\" \/><\/span> <\/label>\n\t\t\t\t\t<\/p>\n\t\t\t\t<\/div>\n\t\t\t<\/div>\n\t\t<\/div>\n\t<\/div>\n<\/div>\n<div class=\"wpb_column vc_column_container vc_col-sm-6\">\n\t<div class=\"vc_column-inner\">\n\t\t<div class=\"wpb_wrapper\">\n\t\t\t<div class=\"wpb_text_column wpb_content_element \">\n\t\t\t\t<div class=\"wpb_wrapper\">\n\t\t\t\t\t<p><label> N\u00famero de tel\u00e9fono<br \/>\n<span class=\"wpcf7-form-control-wrap\" data-name=\"tel-phone\"><input size=\"40\" class=\"wpcf7-form-control wpcf7-tel wpcf7-validates-as-required wpcf7-text wpcf7-validates-as-tel\" aria-required=\"true\" aria-invalid=\"false\" value=\"\" type=\"tel\" name=\"tel-phone\" \/><\/span><\/label>\n\t\t\t\t\t<\/p>\n\t\t\t\t<\/div>\n\t\t\t<\/div>\n\t\t<\/div>\n\t<\/div>\n<\/div>\n<div class=\"wpb_column vc_column_container vc_col-sm-6\">\n\t<div class=\"vc_column-inner\">\n\t\t<div class=\"wpb_wrapper\">\n\t\t\t<div class=\"wpb_text_column wpb_content_element \">\n\t\t\t\t<div class=\"wpb_wrapper\">\n\t\t\t\t\t<p><label> Correo electr\u00f3nico<br \/>\n<span class=\"wpcf7-form-control-wrap\" data-name=\"your-email\"><input size=\"40\" class=\"wpcf7-form-control wpcf7-email wpcf7-validates-as-required wpcf7-text wpcf7-validates-as-email\" aria-required=\"true\" aria-invalid=\"false\" value=\"\" type=\"email\" name=\"your-email\" \/><\/span> <\/label>\n\t\t\t\t\t<\/p>\n\t\t\t\t<\/div>\n\t\t\t<\/div>\n\t\t<\/div>\n\t<\/div>\n<\/div>\n<div class=\"wpb_column vc_column_container vc_col-sm-12\">\n\t<div class=\"vc_column-inner\">\n\t\t<div class=\"wpb_wrapper\">\n\t\t\t<div class=\"wpb_text_column wpb_content_element \">\n\t\t\t\t<div class=\"wpb_wrapper\">\n\t\t\t\t\t<p><label> \u00bfEres un cliente nuevo?<br \/>\n<span class=\"wpcf7-form-control-wrap\" data-name=\"menu-newclient\"><select class=\"wpcf7-form-control wpcf7-select wpcf7-validates-as-required\" aria-required=\"true\" aria-invalid=\"false\" name=\"menu-newclient\"><option value=\"\">&#8212;Please choose an option&#8212;<\/option><option value=\"S\u00ed, soy un nuevo cliente potencial\">S\u00ed, soy un nuevo cliente potencial<\/option><option value=\"No, soy un cliente actual\">No, soy un cliente actual<\/option><option value=\"No soy ninguno de los dos.\">No soy ninguno de los dos.<\/option><\/select><\/span><\/label>\n\t\t\t\t\t<\/p>\n\t\t\t\t<\/div>\n\t\t\t<\/div>\n\t\t<\/div>\n\t<\/div>\n<\/div>\n<div class=\"wpb_column vc_column_container vc_col-sm-12\">\n\t<div class=\"vc_column-inner\">\n\t\t<div class=\"wpb_wrapper\">\n\t\t\t<div class=\"wpb_text_column wpb_content_element \">\n\t\t\t\t<div class=\"wpb_wrapper\">\n\t\t\t\t\t<p><label> Mensaje<br \/>\n<span class=\"wpcf7-form-control-wrap\" data-name=\"textarea-message\"><textarea cols=\"40\" rows=\"6\" class=\"wpcf7-form-control wpcf7-textarea wpcf7-validates-as-required\" aria-required=\"true\" aria-invalid=\"false\" name=\"textarea-message\"><\/textarea><\/span><\/label>\n\t\t\t\t\t<\/p>\n\t\t\t\t<\/div>\n\t\t\t<\/div>\n\t\t<\/div>\n\t<\/div>\n<\/div>\n<div class=\"wpb_column vc_column_container vc_col-sm-12\">\n\t<div class=\"vc_column-inner\">\n\t\t<div class=\"wpb_wrapper\">\n\t\t\t<div class=\"wpb_text_column wpb_content_element \">\n\t\t\t\t<div class=\"wpb_wrapper\">\n\t\t\t\t\t<p><span class=\"aceptacion\"><span class=\"wpcf7-form-control-wrap\" data-name=\"acceptance-671\"><span class=\"wpcf7-form-control wpcf7-acceptance\"><span class=\"wpcf7-list-item\"><label><input type=\"checkbox\" name=\"acceptance-671\" value=\"1\" aria-invalid=\"false\" \/><span class=\"wpcf7-list-item-label\">Al enviar, acepta que lo contactemos sobre su solicitud y otra informaci\u00f3n utilizando tecnolog\u00eda automatizada. La frecuencia de los mensajes var\u00eda. Se pueden aplicar tarifas de mensajes y datos. Env\u00eda STOP para cancelar. <a href=\"https:\/\/ulloa-law.com\/privacy-policy\/\" target=\"_blank\">Acepto la Pol\u00edtica de privacidad<\/a><\/span><\/label><\/span><\/span><\/span><\/span>\n\t\t\t\t\t<\/p>\n\t\t\t\t<\/div>\n\t\t\t<\/div>\n\t\t<\/div>\n\t<\/div>\n<\/div>\n<div class=\"wpb_column vc_column_container vc_col-sm-12\">\n\t<div class=\"vc_column-inner\">\n\t\t<div class=\"wpb_wrapper\">\n\t\t\t<div class=\"wpb_text_column wpb_content_element \">\n\t\t\t\t<div class=\"wpb_wrapper\">\n\t\t\t\t\t<center class=\"plus\">\n\t\t\t\t\t\t<p><input class=\"wpcf7-form-control wpcf7-submit has-spinner\" type=\"submit\" value=\"ENVIAR INFORMACI\u00d3N\" \/>\n\t\t\t\t\t\t<\/p>\n\t\t\t\t\t<\/center>\n\t\t\t\t<\/div>\n\t\t\t<\/div>\n\t\t<\/div>\n\t<\/div>\n<\/div><div class=\"wpcf7-response-output\" aria-hidden=\"true\"><\/div>\n<\/form>\n<\/div>\n[\/vc_column][\/vc_row][vc_row full_width=\u00bbstretch_row\u00bb gap=\u00bb35&#8243; content_placement=\u00bbmiddle\u00bb css=\u00bb.vc_custom_1711961967801{padding-top: 50px !important;padding-bottom: 50px !important;background-color: #001137 !important;}\u00bb][vc_column width=\u00bb1\/2&#8243;][vc_column_text el_class=\u00bbtxtBlanco\u00bb]<\/p>\n<h1>\u00bfPor qu\u00e9 elegirnos?<\/h1>\n<p>En Ulloa Law, LLC, nuestro equipo est\u00e1 formado por profesionales altamente cualificados con amplia experiencia en derecho de familia, quienes conocen muy bien las leyes vigentes en nuestro pa\u00eds, brindando un servicio personalizado y de alta calidad a nuestros clientes. Adem\u00e1s, contamos con los recursos necesarios para atender a nuestros clientes en Honduras. Con m\u00e1s de dos d\u00e9cadas de experiencia colectiva, nuestro bufete se compromete a ayudar a las familias a resolver sus problemas legales seg\u00fan las leyes hondure\u00f1as o que entrar\u00e1n en vigencia en Honduras.<\/p>\n<p>Sabemos que los clientes acuden a nuestro bufete durante uno de los momentos m\u00e1s dif\u00edciles de sus vidas, por lo que nos comprometemos a ayudarles durante todo el proceso legal. Tambi\u00e9n nos comprometemos a manejar cada caso con el m\u00e1ximo cuidado y empat\u00eda, algo que no todos los bufetes pueden garantizar.<\/p>\n<p><strong>\u00bfNecesita un abogado de derecho de familia en Doral, FL? <\/strong><a href=\"https:\/\/www.ulloa-law.com\/es\/contacto\/\"><strong>P\u00f3ngase en contacto<\/strong><\/a><strong> con nuestro bufete\u00a0online o llame al (305) 783-3097 para discutir su caso con un miembro de nuestro equipo.\u00a0<\/strong>[\/vc_column_text][\/vc_column][vc_column width=\u00bb1\/2&#8243;][vc_single_image image=\u00bb370&#8243; img_size=\u00bbfull\u00bb el_class=\u00bbimagenBorde\u00bb][\/vc_column][\/vc_row][vc_row disable_element=\u00bbyes\u00bb css=\u00bb.vc_custom_1712050422011{padding-top: 50px !important;}\u00bb][vc_column][vc_column_text]<\/p>\n<h1 style=\"text-align: center;\">What Is a Petition to Register Foreign Judgement in Florida?<\/h1>\n<p>[\/vc_column_text][vc_row_inner el_class=\u00bbbordeDer espaciado\u00bb][vc_column_inner width=\u00bb1\/2&#8243;][vc_column_text]If you or your former spouse\/co-parent have relocated to the state of Florida, then you may be able to seek enforcement or modification of a Final Judgment from another country through domestication with the courts. Under Florida law, divorce or paternity judgments issued by other states and countries are considered \u00abforeign\u00bb judgments, and to be recognized and enforced by the state, they must first be domesticated. In Honduras, judgments issued by foreign courts can be registered, as long as the requirements established by law are met. In Honduras, this approval procedure is known as pareatis, auto de pareatis or exequatur. Exequatur means to execute, different from the other conception that we have; the authorization given by the State to practice as a notary.<\/p>\n<p>The Code of Private International Law or Code of Bustamante (La Habana (1928)), refers in the tenth title, to the execution of sentences handed down by foreign courts (articles 423 to 433). Any civil or contentious-administrative sentence handed down in one of the contracting states (America), will have force and may be executed in the others. In addition, the translation of the documents by an official interpreter of the state in which it is to be executed is required.[\/vc_column_text][\/vc_column_inner][vc_column_inner width=\u00bb1\/2&#8243;][vc_column_text]The Code of Common Procedures has also required the legalization of documents. There is something interesting that Bustamante includes, and that is that the execution of the sentences handed down by arbitrators or friendly compositors can be requested. (Article 432). Another interesting issue that Bustamante includes is criminal matters: \u00abNo contracting state will execute the sentences handed down in one of the others in criminal matters, in terms of sanctions of that order that they impose.\u00bb (Article 436), although said sentences can be executed with regard to civil liability. (Article 437).<\/p>\n<p>The request for Auto Pariatis is presented before the General Secretary of the Supreme Court of Justice of Honduras, to proceed with the validation of the documents, and then they are sent to the Court that by Jurisdiction is responsible for Registering or Executing a sentence issued abroad. Once filed, all parties involved in the original judgment must be notified. Once this is complete, a hearing will be held to determine if the foreign judgment should be registered and enforced in Honduras.<\/p>\n<p>If registration is granted, then the foreign judgment becomes enforceable as if it were issued by a court in Honduras. This means that creditors can take steps such as garnishing wages or levying bank accounts to collect on their debt. It also protects against any attempts to discharge or modify the original judgment without permission from both parties involved.[\/vc_column_text][\/vc_column_inner][\/vc_row_inner][\/vc_column][\/vc_row][vc_row full_width=\u00bbstretch_row\u00bb css=\u00bb.vc_custom_1711712542222{margin-bottom: -35px !important;padding-top: 150px !important;padding-bottom: 150px !important;background-image: url(http:\/\/ulloa-law.com\/wp-content\/uploads\/2024\/03\/mainstage-v2-bg.2303201245340.jpg?id=320) !important;background-position: center !important;background-repeat: no-repeat !important;background-size: cover !important;}\u00bb el_class=\u00bbaccionContacto1&#8243;][vc_column width=\u00bb1\/2&#8243; css=\u00bb.vc_custom_1711704995273{padding-top: 75px !important;padding-right: 100px !important;padding-bottom: 50px !important;padding-left: 100px !important;background-color: #001137 !important;}\u00bb][vc_column_text]<\/p>\n<h1>PONGA M\u00c1S DE 20 A\u00d1OS DE EXPERIENCIA DE SU LADO<\/h1>\n<p>[\/vc_column_text][vc_column_text]P\u00f3ngase en contacto con Ulloa Law para programar una consulta gratis en la que discutir sus inquietudes legales: (305) 783-3097.[\/vc_column_text][vc_column_text]<a href=\"http:\/\/ulloa-law.com\/es\/contacto\/\">Cont\u00e1ctenos<\/a>[\/vc_column_text][\/vc_column][vc_column width=\u00bb1\/2&#8243; offset=\u00bbvc_hidden-md vc_hidden-sm vc_hidden-xs\u00bb][\/vc_column][\/vc_row]<\/p>\n<\/div>","protected":false},"excerpt":{"rendered":"<p>[vc_row full_width=\u00bbstretch_row\u00bb css=\u00bb.vc_custom_1712050580672{padding-top: 100px !important;padding-bottom: 100px !important;background-image: url(http:\/\/ulloa-law.com\/wp-content\/uploads\/2024\/03\/sub-banner-v1-bg.2303201309062.jpg?id=604) !important;background-position: center !important;background-repeat: no-repeat !important;background-size: cover !important;}\u00bb el_class=\u00bbcabeceraInterior\u00bb][vc_column width=\u00bb1\/2&#8243;][\/vc_column][vc_column width=\u00bb1\/2&#8243; css=\u00bb.vc_custom_1711622887942{padding-top: 125px !important;padding-right: 50px !important;padding-bottom: 75px !important;padding-left: 75px<span class=\"excerpt-hellip\"> [\u2026]<\/span><\/p>\n","protected":false},"author":1,"featured_media":0,"parent":603,"menu_order":0,"comment_status":"closed","ping_status":"closed","template":"","meta":{"footnotes":""},"class_list":["post-615","page","type-page","status-publish","hentry"],"aioseo_notices":[],"_links":{"self":[{"href":"https:\/\/ulloa-law.com\/es\/wp-json\/wp\/v2\/pages\/615","targetHints":{"allow":["GET"]}}],"collection":[{"href":"https:\/\/ulloa-law.com\/es\/wp-json\/wp\/v2\/pages"}],"about":[{"href":"https:\/\/ulloa-law.com\/es\/wp-json\/wp\/v2\/types\/page"}],"author":[{"embeddable":true,"href":"https:\/\/ulloa-law.com\/es\/wp-json\/wp\/v2\/users\/1"}],"replies":[{"embeddable":true,"href":"https:\/\/ulloa-law.com\/es\/wp-json\/wp\/v2\/comments?post=615"}],"version-history":[{"count":4,"href":"https:\/\/ulloa-law.com\/es\/wp-json\/wp\/v2\/pages\/615\/revisions"}],"predecessor-version":[{"id":620,"href":"https:\/\/ulloa-law.com\/es\/wp-json\/wp\/v2\/pages\/615\/revisions\/620"}],"up":[{"embeddable":true,"href":"https:\/\/ulloa-law.com\/es\/wp-json\/wp\/v2\/pages\/603"}],"wp:attachment":[{"href":"https:\/\/ulloa-law.com\/es\/wp-json\/wp\/v2\/media?parent=615"}],"curies":[{"name":"wp","href":"https:\/\/api.w.org\/{rel}","templated":true}]}}