{"id":633,"date":"2024-04-01T05:56:59","date_gmt":"2024-04-01T09:56:59","guid":{"rendered":"http:\/\/ulloa-law.com\/?page_id=633"},"modified":"2024-04-02T05:51:57","modified_gmt":"2024-04-02T09:51:57","slug":"derecho-laboral-y-de-empleo","status":"publish","type":"page","link":"https:\/\/ulloa-law.com\/es\/areas-de-practica\/derecho-laboral-y-de-empleo\/","title":{"rendered":"Derecho laboral y de empleo"},"content":{"rendered":"<div class=\"wpb-content-wrapper\"><p>[vc_row full_width=\u00bbstretch_row\u00bb css=\u00bb.vc_custom_1712050580672{padding-top: 100px !important;padding-bottom: 100px !important;background-image: url(http:\/\/ulloa-law.com\/wp-content\/uploads\/2024\/03\/sub-banner-v1-bg.2303201309062.jpg?id=604) !important;background-position: center !important;background-repeat: no-repeat !important;background-size: cover !important;}\u00bb el_class=\u00bbcabeceraInterior\u00bb][vc_column width=\u00bb1\/2&#8243;][\/vc_column][vc_column width=\u00bb1\/2&#8243; css=\u00bb.vc_custom_1711622887942{padding-top: 125px !important;padding-right: 50px !important;padding-bottom: 75px !important;padding-left: 75px !important;background-color: #001137 !important;}\u00bb][vc_column_text]<\/p>\n<h1>Derecho laboral y de empleo<\/h1>\n<p>[\/vc_column_text][\/vc_column][\/vc_row][vc_row gap=\u00bb35&#8243; equal_height=\u00bbyes\u00bb css=\u00bb.vc_custom_1711712696320{padding-top: 50px !important;padding-bottom: 50px !important;}\u00bb][vc_column width=\u00bb2\/3&#8243; el_class=\u00bbcolumnaTXTMenuVertical\u00bb][vc_column_text]<\/p>\n<h1>Abogados de derecho laboral y de empleo en Doral, FL<\/h1>\n<h2>Relacionados con contratos de trabajo hondure\u00f1os o regidos por la legislaci\u00f3n de Honduras<\/h2>\n<p>En Ulloa Law, LLC, podemos asesorar a trabajadores y empresas relacionadas con contratos de trabajo hondure\u00f1os regidos por las leyes de Honduras. Con d\u00e9cadas de experiencia legal a trav\u00e9s de nuestra empresa matriz Ulloa y Asociados, nuestros abogados trabajar\u00e1n incansablemente para ofrecerle ayuda y asesoramiento.<\/p>\n<p>Tanto si usted es empleado de una peque\u00f1a empresa o una gran corporaci\u00f3n que incluye contratos de trabajo hondure\u00f1os y se rige por las leyes de Honduras, defendemos todo tipo de acciones legales a trav\u00e9s de asesor\u00eda legal laboral.<\/p>\n<p><strong>Deje que nuestros abogados de derecho laboral y de empleo en Doral <\/strong><a href=\"https:\/\/www.ulloa-law.com\/espanol\/contacto\/\"><strong>pongan su experiencia a trabajar para usted<\/strong><\/a><strong>. \u00a1Llame hoy al (305) 783-3097!<\/strong><\/p>\n<h3>\u00bfQu\u00e9 hace un abogado de derecho laboral y de empleo?<\/h3>\n<p>Nuestros abogados de derecho laboral y de empleo ofrecen asesoramiento y representaci\u00f3n legal a empleadores, empleados, sindicatos y otras organizaciones en una gran variedad de asuntos relacionados con los contratos de trabajo hondure\u00f1os regidos por la legislaci\u00f3n de Honduras en las diferentes instancias administrativas y judiciales, garantizando a sus clientes el cumplimiento de todas las leyes y regulaciones laborales hondure\u00f1as aplicables.<\/p>\n<p><strong>Los abogados laborales y de empleo generalmente manejan una amplia gama de casos, incluyendo:<\/strong><\/p>\n<ul>\n<li>Planes de beneficios para empleados.<\/li>\n<li>Reclamaciones por despido injustificado.<\/li>\n<li>Asesoramiento laboral permanente.<\/li>\n<li>Autodiagn\u00f3stico laboral (auditor\u00edas internas).<\/li>\n<li>Asesoramiento en el dise\u00f1o de reglamentos internos (implementaci\u00f3n de pol\u00edticas, manuales y procedimientos)).<\/li>\n<li>Dise\u00f1o de sistemas de compensaci\u00f3n.<\/li>\n<li>Dise\u00f1o de esquemas de confidencialidad y no competencia post contractual.<\/li>\n<li>Asesoramiento para la elaboraci\u00f3n de reglamentos internos de trabajo.<\/li>\n<li>Asesoramiento en temas de contratos de trabajo y acuerdos de confidencialidad.<\/li>\n<li>Asesoramiento y acompa\u00f1amiento en procesos disciplinarios.<\/li>\n<li>Asesoramiento en procesos de reforma y negociaci\u00f3n de convenios colectivos.<\/li>\n<li>An\u00e1lisis de los reg\u00edmenes de remuneraci\u00f3n.<\/li>\n<li>Negociaci\u00f3n de contratos y convenios colectivos.<\/li>\n<li>Terminaci\u00f3n de contratos individuales de trabajo.<\/li>\n<li>Representaci\u00f3n del cliente ante las autoridades administrativas y judiciales.<\/li>\n<\/ul>\n<p>&nbsp;<\/p>\n<h3>Leyes laborales importantes<\/h3>\n<p>El Estado de Honduras administra y aplica m\u00e1s de 100 leyes que protegen a los trabajadores, tanto del sector p\u00fablico como del privado, frente a escenarios que disminuyen o distorsionan los derechos que la Constituci\u00f3n, las leyes y las normas de seguridad social les otorgan. Estas leyes incluyen:<\/p>\n<p><strong>Constituci\u00f3n de la Rep\u00fablica<\/strong>, que determina las normas generales que garantizan condiciones de trabajo ideales o adecuadas.<\/p>\n<p><strong>C\u00f3digo del Trabajo<\/strong>,<strong>\u00a0<\/strong>que<strong>\u00a0<\/strong>regula las relaciones entre el capital y el trabajo, coloc\u00e1ndolas sobre una base de justicia social.<\/p>\n<p><strong>Reglamento Interno de Trabajo de cada empresa<\/strong>, que determina las condiciones a las que deben atenerse empleadores y trabajadores en la prestaci\u00f3n de servicios a trav\u00e9s de un conjunto de normas obligatorias<\/p>\n<p><strong>Ley de Salario M\u00ednimo,\u00a0<\/strong>cuyo objeto esencial es determinar los procedimientos para la aplicaci\u00f3n del salario m\u00ednimo y establecer los \u00f3rganos encargados de su creaci\u00f3n, vigilancia, control y cumplimiento.<\/p>\n<p><strong>Acuerdo Ejecutivo STSS-006-2019<\/strong>, que determina el salario m\u00ednimo para las zonas de libre comercio.<\/p>\n<p><strong>Reglamento para el pago del Bono Educativo<\/strong>, beneficio que se otorga a los empleados con menores en centros educativos.<\/p>\n<p><strong>Ley del S\u00e9ptimo D\u00eda y Decimocuarto Mes en concepto de bono navide\u00f1o<\/strong>, que determina el derecho del empleado a recibir un bono de Navidad por su esfuerzo laboral.<\/p>\n<p><strong>Regulaci\u00f3n del Decimocuarto mes de salario como Compensaci\u00f3n Social<\/strong>.<\/p>\n<p><strong>Decreto 178-2016: Ley de Inspecci\u00f3n del Trabajo<\/strong>, en caso de que el empleador o empleado quisiera presentar una reclamaci\u00f3n administrativa por faltas cometidas por la parte contraria.<\/p>\n<p><strong>C\u00f3digo de la Infancia, que\u00a0<\/strong>formula pol\u00edticas y desarrolla, promueve e implementa programas destinados a la abolici\u00f3n gradual del trabajo infantil.<\/p>\n<p><strong>Decreto 080-2001<\/strong>: Ley del Instituto Hondure\u00f1o de Seguridad Social, instrumento del Estado al servicio de la Justicia Social, cuyo objeto es garantizar el derecho humano a la salud, asistencia m\u00e9dica, protecci\u00f3n de medios de vida y servicios sociales necesarios para el logro del bienestar individual y colectivo.<\/p>\n<p><strong>Reglamento General del Instituto Hondure\u00f1o del Seguro Social,\u00a0<\/strong>que<strong>\u00a0<\/strong>regula la aplicaci\u00f3n del Seguro Social con respecto a enfermedades, accidentes comunes, maternidad, accidentes profesionales, discapacidad, vejez y muerte.<\/p>\n<p><strong>Reglamento de Incapacidad Temporal del Instituto Hondure\u00f1o del Seguro Social<\/strong>, que hace seguimiento de las incapacidades temporales emitidas por el IHSS<\/p>\n<p><strong>Ley del R\u00e9gimen de Contribuciones Privadas,\u00a0<\/strong>destinada al estricto cumplimiento de los par\u00e1metros financieros adecuados y del buen gobierno corporativo, en un esfuerzo por garantizar su solvencia institucional y la adecuada estructura de beneficios y servicios financieros para sus afiliados.<\/p>\n<p>Es importante que los empleadores conozcan las leyes laborales para que puedan garantizar el cumplimiento de todas las regulaciones aplicables. El incumplimiento de estas leyes puede dar lugar a sanciones graves, como multas financieras o hasta el cierre de una compa\u00f1\u00eda.[\/vc_column_text][\/vc_column][vc_column width=\u00bb1\/3&#8243; el_class=\u00bbcolumnaMenuVertical accionContacto\u00bb css=\u00bb.vc_custom_1711713598510{padding-top: 75px !important;padding-right: 75px !important;padding-bottom: 50px !important;padding-left: 50px !important;background-color: #001137 !important;}\u00bb][vc_column_text]<\/p>\n<h3>\u00c1reas de pr\u00e1ctica<\/h3>\n<p>[\/vc_column_text][vc_widget_sidebar sidebar_id=\u00bbsidebar-menu-interior-vertical\u00bb][vc_column_text]<\/p>\n<h1>\u00bfLISTO PARA DISCUTIR SU CASO?<\/h1>\n<h2>CONT\u00c1CTENOS<\/h2>\n<p>[\/vc_column_text]\n<div class=\"wpcf7 no-js\" id=\"wpcf7-f591-o1\" lang=\"en-US\" dir=\"ltr\">\n<div class=\"screen-reader-response\"><p role=\"status\" aria-live=\"polite\" aria-atomic=\"true\"><\/p> <ul><\/ul><\/div>\n<form action=\"\/es\/wp-json\/wp\/v2\/pages\/633#wpcf7-f591-o1\" method=\"post\" class=\"wpcf7-form init\" aria-label=\"Contact form\" novalidate=\"novalidate\" data-status=\"init\">\n<div style=\"display: none;\">\n<input type=\"hidden\" name=\"_wpcf7\" value=\"591\" \/>\n<input type=\"hidden\" name=\"_wpcf7_version\" value=\"5.9.4\" \/>\n<input type=\"hidden\" name=\"_wpcf7_locale\" value=\"en_US\" \/>\n<input type=\"hidden\" name=\"_wpcf7_unit_tag\" value=\"wpcf7-f591-o1\" \/>\n<input type=\"hidden\" name=\"_wpcf7_container_post\" value=\"0\" \/>\n<input type=\"hidden\" name=\"_wpcf7_posted_data_hash\" value=\"\" \/>\n<\/div>\n<div class=\"wpb_column vc_column_container vc_col-sm-6\">\n\t<div class=\"vc_column-inner\">\n\t\t<div class=\"wpb_wrapper\">\n\t\t\t<div class=\"wpb_text_column wpb_content_element \">\n\t\t\t\t<div class=\"wpb_wrapper\">\n\t\t\t\t\t<p><label> Nombre<br \/>\n<span class=\"wpcf7-form-control-wrap\" data-name=\"your-name\"><input size=\"40\" class=\"wpcf7-form-control wpcf7-text wpcf7-validates-as-required\" autocomplete=\"name\" aria-required=\"true\" aria-invalid=\"false\" value=\"\" type=\"text\" name=\"your-name\" \/><\/span> <\/label>\n\t\t\t\t\t<\/p>\n\t\t\t\t<\/div>\n\t\t\t<\/div>\n\t\t<\/div>\n\t<\/div>\n<\/div>\n<div class=\"wpb_column vc_column_container vc_col-sm-6\">\n\t<div class=\"vc_column-inner\">\n\t\t<div class=\"wpb_wrapper\">\n\t\t\t<div class=\"wpb_text_column wpb_content_element \">\n\t\t\t\t<div class=\"wpb_wrapper\">\n\t\t\t\t\t<p><label> Apellidos<br \/>\n<span class=\"wpcf7-form-control-wrap\" data-name=\"your-lastname\"><input size=\"40\" class=\"wpcf7-form-control wpcf7-text wpcf7-validates-as-required\" autocomplete=\"lastname\" aria-required=\"true\" aria-invalid=\"false\" value=\"\" type=\"text\" name=\"your-lastname\" \/><\/span> <\/label>\n\t\t\t\t\t<\/p>\n\t\t\t\t<\/div>\n\t\t\t<\/div>\n\t\t<\/div>\n\t<\/div>\n<\/div>\n<div class=\"wpb_column vc_column_container vc_col-sm-6\">\n\t<div class=\"vc_column-inner\">\n\t\t<div class=\"wpb_wrapper\">\n\t\t\t<div class=\"wpb_text_column wpb_content_element \">\n\t\t\t\t<div class=\"wpb_wrapper\">\n\t\t\t\t\t<p><label> N\u00famero de tel\u00e9fono<br \/>\n<span class=\"wpcf7-form-control-wrap\" data-name=\"tel-phone\"><input size=\"40\" class=\"wpcf7-form-control wpcf7-tel wpcf7-validates-as-required wpcf7-text wpcf7-validates-as-tel\" aria-required=\"true\" aria-invalid=\"false\" value=\"\" type=\"tel\" name=\"tel-phone\" \/><\/span><\/label>\n\t\t\t\t\t<\/p>\n\t\t\t\t<\/div>\n\t\t\t<\/div>\n\t\t<\/div>\n\t<\/div>\n<\/div>\n<div class=\"wpb_column vc_column_container vc_col-sm-6\">\n\t<div class=\"vc_column-inner\">\n\t\t<div class=\"wpb_wrapper\">\n\t\t\t<div class=\"wpb_text_column wpb_content_element \">\n\t\t\t\t<div class=\"wpb_wrapper\">\n\t\t\t\t\t<p><label> Correo electr\u00f3nico<br \/>\n<span class=\"wpcf7-form-control-wrap\" data-name=\"your-email\"><input size=\"40\" class=\"wpcf7-form-control wpcf7-email wpcf7-validates-as-required wpcf7-text wpcf7-validates-as-email\" aria-required=\"true\" aria-invalid=\"false\" value=\"\" type=\"email\" name=\"your-email\" \/><\/span> <\/label>\n\t\t\t\t\t<\/p>\n\t\t\t\t<\/div>\n\t\t\t<\/div>\n\t\t<\/div>\n\t<\/div>\n<\/div>\n<div class=\"wpb_column vc_column_container vc_col-sm-12\">\n\t<div class=\"vc_column-inner\">\n\t\t<div class=\"wpb_wrapper\">\n\t\t\t<div class=\"wpb_text_column wpb_content_element \">\n\t\t\t\t<div class=\"wpb_wrapper\">\n\t\t\t\t\t<p><label> \u00bfEres un cliente nuevo?<br \/>\n<span class=\"wpcf7-form-control-wrap\" data-name=\"menu-newclient\"><select class=\"wpcf7-form-control wpcf7-select wpcf7-validates-as-required\" aria-required=\"true\" aria-invalid=\"false\" name=\"menu-newclient\"><option value=\"\">&#8212;Please choose an option&#8212;<\/option><option value=\"S\u00ed, soy un nuevo cliente potencial\">S\u00ed, soy un nuevo cliente potencial<\/option><option value=\"No, soy un cliente actual\">No, soy un cliente actual<\/option><option value=\"No soy ninguno de los dos.\">No soy ninguno de los dos.<\/option><\/select><\/span><\/label>\n\t\t\t\t\t<\/p>\n\t\t\t\t<\/div>\n\t\t\t<\/div>\n\t\t<\/div>\n\t<\/div>\n<\/div>\n<div class=\"wpb_column vc_column_container vc_col-sm-12\">\n\t<div class=\"vc_column-inner\">\n\t\t<div class=\"wpb_wrapper\">\n\t\t\t<div class=\"wpb_text_column wpb_content_element \">\n\t\t\t\t<div class=\"wpb_wrapper\">\n\t\t\t\t\t<p><label> Mensaje<br \/>\n<span class=\"wpcf7-form-control-wrap\" data-name=\"textarea-message\"><textarea cols=\"40\" rows=\"6\" class=\"wpcf7-form-control wpcf7-textarea wpcf7-validates-as-required\" aria-required=\"true\" aria-invalid=\"false\" name=\"textarea-message\"><\/textarea><\/span><\/label>\n\t\t\t\t\t<\/p>\n\t\t\t\t<\/div>\n\t\t\t<\/div>\n\t\t<\/div>\n\t<\/div>\n<\/div>\n<div class=\"wpb_column vc_column_container vc_col-sm-12\">\n\t<div class=\"vc_column-inner\">\n\t\t<div class=\"wpb_wrapper\">\n\t\t\t<div class=\"wpb_text_column wpb_content_element \">\n\t\t\t\t<div class=\"wpb_wrapper\">\n\t\t\t\t\t<p><span class=\"aceptacion\"><span class=\"wpcf7-form-control-wrap\" data-name=\"acceptance-671\"><span class=\"wpcf7-form-control wpcf7-acceptance\"><span class=\"wpcf7-list-item\"><label><input type=\"checkbox\" name=\"acceptance-671\" value=\"1\" aria-invalid=\"false\" \/><span class=\"wpcf7-list-item-label\">Al enviar, acepta que lo contactemos sobre su solicitud y otra informaci\u00f3n utilizando tecnolog\u00eda automatizada. La frecuencia de los mensajes var\u00eda. Se pueden aplicar tarifas de mensajes y datos. Env\u00eda STOP para cancelar. <a href=\"https:\/\/ulloa-law.com\/privacy-policy\/\" target=\"_blank\">Acepto la Pol\u00edtica de privacidad<\/a><\/span><\/label><\/span><\/span><\/span><\/span>\n\t\t\t\t\t<\/p>\n\t\t\t\t<\/div>\n\t\t\t<\/div>\n\t\t<\/div>\n\t<\/div>\n<\/div>\n<div class=\"wpb_column vc_column_container vc_col-sm-12\">\n\t<div class=\"vc_column-inner\">\n\t\t<div class=\"wpb_wrapper\">\n\t\t\t<div class=\"wpb_text_column wpb_content_element \">\n\t\t\t\t<div class=\"wpb_wrapper\">\n\t\t\t\t\t<center class=\"plus\">\n\t\t\t\t\t\t<p><input class=\"wpcf7-form-control wpcf7-submit has-spinner\" type=\"submit\" value=\"ENVIAR INFORMACI\u00d3N\" \/>\n\t\t\t\t\t\t<\/p>\n\t\t\t\t\t<\/center>\n\t\t\t\t<\/div>\n\t\t\t<\/div>\n\t\t<\/div>\n\t<\/div>\n<\/div><div class=\"wpcf7-response-output\" aria-hidden=\"true\"><\/div>\n<\/form>\n<\/div>\n[\/vc_column][\/vc_row][vc_row full_width=\u00bbstretch_row\u00bb gap=\u00bb35&#8243; content_placement=\u00bbmiddle\u00bb css=\u00bb.vc_custom_1711961967801{padding-top: 50px !important;padding-bottom: 50px !important;background-color: #001137 !important;}\u00bb][vc_column width=\u00bb1\/2&#8243;][vc_column_text el_class=\u00bbtxtBlanco\u00bb]<\/p>\n<h1>Comprometidos a ayudar a la comunidad hondure\u00f1a con asuntos de derecho laboral<\/h1>\n<p>En Ulloa Law, LLC, nos dedicamos a hacer cumplir las leyes laborales vigentes de Honduras. Nuestro equipo legal cualificado y con experiencia se compromete a representar a aquellos cuyos derechos han sido violados de alguna manera.<\/p>\n<p><a href=\"https:\/\/www.ulloa-law.com\/es\/contacto\/\">Programe una consulta inicial<\/a> hoy mismo llamando al (305) 783-3097.<\/p>\n<p>[\/vc_column_text][\/vc_column][vc_column width=\u00bb1\/2&#8243;][vc_single_image image=\u00bb370&#8243; img_size=\u00bbfull\u00bb el_class=\u00bbimagenBorde\u00bb][\/vc_column][\/vc_row][vc_row disable_element=\u00bbyes\u00bb css=\u00bb.vc_custom_1712050422011{padding-top: 50px !important;}\u00bb][vc_column][vc_column_text]<\/p>\n<h1 style=\"text-align: center;\">What Is a Petition to Register Foreign Judgement in Florida?<\/h1>\n<p>[\/vc_column_text][vc_row_inner el_class=\u00bbbordeDer espaciado\u00bb][vc_column_inner width=\u00bb1\/2&#8243;][vc_column_text]If you or your former spouse\/co-parent have relocated to the state of Florida, then you may be able to seek enforcement or modification of a Final Judgment from another country through domestication with the courts. Under Florida law, divorce or paternity judgments issued by other states and countries are considered \u00abforeign\u00bb judgments, and to be recognized and enforced by the state, they must first be domesticated. In Honduras, judgments issued by foreign courts can be registered, as long as the requirements established by law are met. In Honduras, this approval procedure is known as pareatis, auto de pareatis or exequatur. Exequatur means to execute, different from the other conception that we have; the authorization given by the State to practice as a notary.<\/p>\n<p>The Code of Private International Law or Code of Bustamante (La Habana (1928)), refers in the tenth title, to the execution of sentences handed down by foreign courts (articles 423 to 433). Any civil or contentious-administrative sentence handed down in one of the contracting states (America), will have force and may be executed in the others. In addition, the translation of the documents by an official interpreter of the state in which it is to be executed is required.[\/vc_column_text][\/vc_column_inner][vc_column_inner width=\u00bb1\/2&#8243;][vc_column_text]The Code of Common Procedures has also required the legalization of documents. There is something interesting that Bustamante includes, and that is that the execution of the sentences handed down by arbitrators or friendly compositors can be requested. (Article 432). Another interesting issue that Bustamante includes is criminal matters: \u00abNo contracting state will execute the sentences handed down in one of the others in criminal matters, in terms of sanctions of that order that they impose.\u00bb (Article 436), although said sentences can be executed with regard to civil liability. (Article 437).<\/p>\n<p>The request for Auto Pariatis is presented before the General Secretary of the Supreme Court of Justice of Honduras, to proceed with the validation of the documents, and then they are sent to the Court that by Jurisdiction is responsible for Registering or Executing a sentence issued abroad. Once filed, all parties involved in the original judgment must be notified. Once this is complete, a hearing will be held to determine if the foreign judgment should be registered and enforced in Honduras.<\/p>\n<p>If registration is granted, then the foreign judgment becomes enforceable as if it were issued by a court in Honduras. This means that creditors can take steps such as garnishing wages or levying bank accounts to collect on their debt. It also protects against any attempts to discharge or modify the original judgment without permission from both parties involved.[\/vc_column_text][\/vc_column_inner][\/vc_row_inner][\/vc_column][\/vc_row][vc_row full_width=\u00bbstretch_row\u00bb css=\u00bb.vc_custom_1711712542222{margin-bottom: -35px !important;padding-top: 150px !important;padding-bottom: 150px !important;background-image: url(http:\/\/ulloa-law.com\/wp-content\/uploads\/2024\/03\/mainstage-v2-bg.2303201245340.jpg?id=320) !important;background-position: center !important;background-repeat: no-repeat !important;background-size: cover !important;}\u00bb el_class=\u00bbaccionContacto1&#8243;][vc_column width=\u00bb1\/2&#8243; css=\u00bb.vc_custom_1711704995273{padding-top: 75px !important;padding-right: 100px !important;padding-bottom: 50px !important;padding-left: 100px !important;background-color: #001137 !important;}\u00bb][vc_column_text]<\/p>\n<h1>PONGA M\u00c1S DE 20 A\u00d1OS DE EXPERIENCIA DE SU LADO<\/h1>\n<p>[\/vc_column_text][vc_column_text]P\u00f3ngase en contacto con Ulloa Law para programar una consulta gratis en la que discutir sus inquietudes legales: (305) 783-3097.[\/vc_column_text][vc_column_text]<a href=\"http:\/\/ulloa-law.com\/es\/contacto\/\">Cont\u00e1ctenos<\/a>[\/vc_column_text][\/vc_column][vc_column width=\u00bb1\/2&#8243; offset=\u00bbvc_hidden-md vc_hidden-sm vc_hidden-xs\u00bb][\/vc_column][\/vc_row]<\/p>\n<\/div>","protected":false},"excerpt":{"rendered":"<p>[vc_row full_width=\u00bbstretch_row\u00bb css=\u00bb.vc_custom_1712050580672{padding-top: 100px !important;padding-bottom: 100px !important;background-image: url(http:\/\/ulloa-law.com\/wp-content\/uploads\/2024\/03\/sub-banner-v1-bg.2303201309062.jpg?id=604) !important;background-position: center !important;background-repeat: no-repeat !important;background-size: cover !important;}\u00bb el_class=\u00bbcabeceraInterior\u00bb][vc_column width=\u00bb1\/2&#8243;][\/vc_column][vc_column width=\u00bb1\/2&#8243; css=\u00bb.vc_custom_1711622887942{padding-top: 125px !important;padding-right: 50px !important;padding-bottom: 75px !important;padding-left: 75px<span class=\"excerpt-hellip\"> [\u2026]<\/span><\/p>\n","protected":false},"author":1,"featured_media":0,"parent":603,"menu_order":0,"comment_status":"closed","ping_status":"closed","template":"","meta":{"footnotes":""},"class_list":["post-633","page","type-page","status-publish","hentry"],"aioseo_notices":[],"_links":{"self":[{"href":"https:\/\/ulloa-law.com\/es\/wp-json\/wp\/v2\/pages\/633","targetHints":{"allow":["GET"]}}],"collection":[{"href":"https:\/\/ulloa-law.com\/es\/wp-json\/wp\/v2\/pages"}],"about":[{"href":"https:\/\/ulloa-law.com\/es\/wp-json\/wp\/v2\/types\/page"}],"author":[{"embeddable":true,"href":"https:\/\/ulloa-law.com\/es\/wp-json\/wp\/v2\/users\/1"}],"replies":[{"embeddable":true,"href":"https:\/\/ulloa-law.com\/es\/wp-json\/wp\/v2\/comments?post=633"}],"version-history":[{"count":4,"href":"https:\/\/ulloa-law.com\/es\/wp-json\/wp\/v2\/pages\/633\/revisions"}],"predecessor-version":[{"id":638,"href":"https:\/\/ulloa-law.com\/es\/wp-json\/wp\/v2\/pages\/633\/revisions\/638"}],"up":[{"embeddable":true,"href":"https:\/\/ulloa-law.com\/es\/wp-json\/wp\/v2\/pages\/603"}],"wp:attachment":[{"href":"https:\/\/ulloa-law.com\/es\/wp-json\/wp\/v2\/media?parent=633"}],"curies":[{"name":"wp","href":"https:\/\/api.w.org\/{rel}","templated":true}]}}