{"id":639,"date":"2024-04-01T05:51:33","date_gmt":"2024-04-01T09:51:33","guid":{"rendered":"http:\/\/ulloa-law.com\/?page_id=639"},"modified":"2024-04-02T05:55:59","modified_gmt":"2024-04-02T09:55:59","slug":"litigios-y-arbitrajes","status":"publish","type":"page","link":"https:\/\/ulloa-law.com\/es\/areas-de-practica\/litigios-y-arbitrajes\/","title":{"rendered":"Litigios y arbitrajes"},"content":{"rendered":"<div class=\"wpb-content-wrapper\"><p>[vc_row full_width=\u00bbstretch_row\u00bb css=\u00bb.vc_custom_1712050580672{padding-top: 100px !important;padding-bottom: 100px !important;background-image: url(http:\/\/ulloa-law.com\/wp-content\/uploads\/2024\/03\/sub-banner-v1-bg.2303201309062.jpg?id=604) !important;background-position: center !important;background-repeat: no-repeat !important;background-size: cover !important;}\u00bb el_class=\u00bbcabeceraInterior\u00bb][vc_column width=\u00bb1\/2&#8243;][\/vc_column][vc_column width=\u00bb1\/2&#8243; css=\u00bb.vc_custom_1711622887942{padding-top: 125px !important;padding-right: 50px !important;padding-bottom: 75px !important;padding-left: 75px !important;background-color: #001137 !important;}\u00bb][vc_column_text]<\/p>\n<h1>Litigios y arbitrajes<\/h1>\n<p>[\/vc_column_text][\/vc_column][\/vc_row][vc_row gap=\u00bb35&#8243; equal_height=\u00bbyes\u00bb css=\u00bb.vc_custom_1711712696320{padding-top: 50px !important;padding-bottom: 50px !important;}\u00bb][vc_column width=\u00bb2\/3&#8243; el_class=\u00bbcolumnaTXTMenuVertical\u00bb][vc_column_text]<\/p>\n<h1>Abogados para procedimientos judiciales, litigios y arbitrajes en Doral<\/h1>\n<h2>Soluciones integrales y asesoramiento de confianza<\/h2>\n<p>Ulloa Law, LLC est\u00e1 formado por un equipo de profesionales experimentados dedicados a ayudar a los hondure\u00f1os en los Estados Unidos y en el extranjero con procedimientos judiciales, litigios y servicios de arbitraje en Honduras. Nuestro equipo cuenta con m\u00e1s de 20 a\u00f1os de experiencia ofreciendo asesoramiento jur\u00eddico personalizado y de alta calidad.<\/p>\n<p>Nuestros abogados adoptan un enfoque centrado en el cliente para satisfacer todas sus necesidades, siempre dentro del marco legal. Tanto si est\u00e1 buscando ayuda con negociaciones contractuales, resoluciones de disputas u otro asunto de derecho comercial que implique litigios o arbitrajes, nuestro equipo est\u00e1 listo para ofrecerle apoyo en cada paso del camino.<\/p>\n<p><strong>Para discutir su caso con nuestro equipo, llame al (305) 783-3097 o complete nuestro formulario de <\/strong><a href=\"https:\/\/www.ulloa-law.com\/espanol\/contacto\/\"><strong>contacto\u00a0online<\/strong><\/a><strong> para programar una consulta inicial.\u00a0<\/strong><\/p>\n<h3>Arbitraje vs. Litigio: \u00bfCu\u00e1l es la diferencia?<\/h3>\n<p>El derecho comercial es un \u00e1rea del derecho que cubre una amplia gama de temas relacionados con la formaci\u00f3n y operaci\u00f3n de empresas. Los procedimientos judiciales, los litigios y el arbitraje son servicios que se pueden utilizar para resolver disputas entre las partes.<\/p>\n<p>Tanto los litigios como el arbitraje son servicios importantes en el \u00e1rea del derecho comercial que pueden ayudar a resolver disputas entre las partes de manera r\u00e1pida y justa. El arbitraje proporciona una alternativa m\u00e1s f\u00e1cil que pasar por el sistema judicial, que puede ser costoso y llevar mucho tiempo.<\/p>\n<p>El litigio es un proceso legal en el que dos partes presentan sus argumentos ante un juez o tribunal para resolver una disputa. El juez o tribunal tomar\u00e1 una decisi\u00f3n basada en las pruebas presentadas por ambas partes. Un litigio puede ser costoso y llevar mucho tiempo, pero, a menudo, es necesario para resolver disputas complejas.<\/p>\n<p>El arbitraje es otra opci\u00f3n para resolver disputas entre partes comerciales en la que se nombrar a una tercera parte imparcial (el mediador) para escuchar a ambas partes de la disputa y tomar una decisi\u00f3n basada en las pruebas presentadas. A diferencia de los litigios, el arbitraje suele ser menos costoso y m\u00e1s r\u00e1pido, as\u00ed como m\u00e1s privado, ya que no implica pasar por el sistema judicial.<\/p>\n<h3>Resoluci\u00f3n de disputas entre socios<\/h3>\n<p>Las disputas entre socios ocurren cuando dos o m\u00e1s personas en una relaci\u00f3n comercial tienen un desacuerdo que no se puede resolver. <strong>Las causas comunes de las disputas entre socios son:<\/strong><\/p>\n<ul>\n<li>desacuerdos sobre la direcci\u00f3n del negocio,<\/li>\n<li>mala gesti\u00f3n de los fondos, o<\/li>\n<li>incumplimiento de contrato.<\/li>\n<\/ul>\n<p>Los socios tambi\u00e9n pueden estar en desacuerdo sobre c\u00f3mo manejar la atenci\u00f3n al cliente, las estrategias de marketing u otros aspectos de la gesti\u00f3n del negocio. En algunos casos, un socio puede sentir que no est\u00e1 siendo compensado justamente por su trabajo o que sus contribuciones no est\u00e1n siendo reconocidas. Otras veces, los socios pueden simplemente tener diferentes visiones para el futuro del negocio y ser incapaces de llegar a un acuerdo.<\/p>\n<p>Independientemente de cu\u00e1l sea la causa de una disputa entre socios, es importante tomar medidas lo antes posible para evitar mayores da\u00f1os al negocio y a su reputaci\u00f3n. En algunos casos, estas disputas pueden llevar a litigios o arbitrajes si las partes no pueden llegar a un acuerdo por s\u00ed mismas. El litigio y el arbitraje pueden ayudar a resolver disputas entre socios al proporcionar una tercera parte imparcial para evaluar la situaci\u00f3n y tomar una decisi\u00f3n que sea justa para todas las partes implicadas.<\/p>\n<p>[\/vc_column_text][\/vc_column][vc_column width=\u00bb1\/3&#8243; el_class=\u00bbcolumnaMenuVertical accionContacto\u00bb css=\u00bb.vc_custom_1711713598510{padding-top: 75px !important;padding-right: 75px !important;padding-bottom: 50px !important;padding-left: 50px !important;background-color: #001137 !important;}\u00bb][vc_column_text]<\/p>\n<h3>\u00c1reas de pr\u00e1ctica<\/h3>\n<p>[\/vc_column_text][vc_widget_sidebar sidebar_id=\u00bbsidebar-menu-interior-vertical\u00bb][vc_column_text]<\/p>\n<h1>\u00bfLISTO PARA DISCUTIR SU CASO?<\/h1>\n<h2>CONT\u00c1CTENOS<\/h2>\n<p>[\/vc_column_text]\n<div class=\"wpcf7 no-js\" id=\"wpcf7-f591-o1\" lang=\"en-US\" dir=\"ltr\">\n<div class=\"screen-reader-response\"><p role=\"status\" aria-live=\"polite\" aria-atomic=\"true\"><\/p> <ul><\/ul><\/div>\n<form action=\"\/es\/wp-json\/wp\/v2\/pages\/639#wpcf7-f591-o1\" method=\"post\" class=\"wpcf7-form init\" aria-label=\"Contact form\" novalidate=\"novalidate\" data-status=\"init\">\n<div style=\"display: none;\">\n<input type=\"hidden\" name=\"_wpcf7\" value=\"591\" \/>\n<input type=\"hidden\" name=\"_wpcf7_version\" value=\"5.9.4\" \/>\n<input type=\"hidden\" name=\"_wpcf7_locale\" value=\"en_US\" \/>\n<input type=\"hidden\" name=\"_wpcf7_unit_tag\" value=\"wpcf7-f591-o1\" \/>\n<input type=\"hidden\" name=\"_wpcf7_container_post\" value=\"0\" \/>\n<input type=\"hidden\" name=\"_wpcf7_posted_data_hash\" value=\"\" \/>\n<\/div>\n<div class=\"wpb_column vc_column_container vc_col-sm-6\">\n\t<div class=\"vc_column-inner\">\n\t\t<div class=\"wpb_wrapper\">\n\t\t\t<div class=\"wpb_text_column wpb_content_element \">\n\t\t\t\t<div class=\"wpb_wrapper\">\n\t\t\t\t\t<p><label> Nombre<br \/>\n<span class=\"wpcf7-form-control-wrap\" data-name=\"your-name\"><input size=\"40\" class=\"wpcf7-form-control wpcf7-text wpcf7-validates-as-required\" autocomplete=\"name\" aria-required=\"true\" aria-invalid=\"false\" value=\"\" type=\"text\" name=\"your-name\" \/><\/span> <\/label>\n\t\t\t\t\t<\/p>\n\t\t\t\t<\/div>\n\t\t\t<\/div>\n\t\t<\/div>\n\t<\/div>\n<\/div>\n<div class=\"wpb_column vc_column_container vc_col-sm-6\">\n\t<div class=\"vc_column-inner\">\n\t\t<div class=\"wpb_wrapper\">\n\t\t\t<div class=\"wpb_text_column wpb_content_element \">\n\t\t\t\t<div class=\"wpb_wrapper\">\n\t\t\t\t\t<p><label> Apellidos<br \/>\n<span class=\"wpcf7-form-control-wrap\" data-name=\"your-lastname\"><input size=\"40\" class=\"wpcf7-form-control wpcf7-text wpcf7-validates-as-required\" autocomplete=\"lastname\" aria-required=\"true\" aria-invalid=\"false\" value=\"\" type=\"text\" name=\"your-lastname\" \/><\/span> <\/label>\n\t\t\t\t\t<\/p>\n\t\t\t\t<\/div>\n\t\t\t<\/div>\n\t\t<\/div>\n\t<\/div>\n<\/div>\n<div class=\"wpb_column vc_column_container vc_col-sm-6\">\n\t<div class=\"vc_column-inner\">\n\t\t<div class=\"wpb_wrapper\">\n\t\t\t<div class=\"wpb_text_column wpb_content_element \">\n\t\t\t\t<div class=\"wpb_wrapper\">\n\t\t\t\t\t<p><label> N\u00famero de tel\u00e9fono<br \/>\n<span class=\"wpcf7-form-control-wrap\" data-name=\"tel-phone\"><input size=\"40\" class=\"wpcf7-form-control wpcf7-tel wpcf7-validates-as-required wpcf7-text wpcf7-validates-as-tel\" aria-required=\"true\" aria-invalid=\"false\" value=\"\" type=\"tel\" name=\"tel-phone\" \/><\/span><\/label>\n\t\t\t\t\t<\/p>\n\t\t\t\t<\/div>\n\t\t\t<\/div>\n\t\t<\/div>\n\t<\/div>\n<\/div>\n<div class=\"wpb_column vc_column_container vc_col-sm-6\">\n\t<div class=\"vc_column-inner\">\n\t\t<div class=\"wpb_wrapper\">\n\t\t\t<div class=\"wpb_text_column wpb_content_element \">\n\t\t\t\t<div class=\"wpb_wrapper\">\n\t\t\t\t\t<p><label> Correo electr\u00f3nico<br \/>\n<span class=\"wpcf7-form-control-wrap\" data-name=\"your-email\"><input size=\"40\" class=\"wpcf7-form-control wpcf7-email wpcf7-validates-as-required wpcf7-text wpcf7-validates-as-email\" aria-required=\"true\" aria-invalid=\"false\" value=\"\" type=\"email\" name=\"your-email\" \/><\/span> <\/label>\n\t\t\t\t\t<\/p>\n\t\t\t\t<\/div>\n\t\t\t<\/div>\n\t\t<\/div>\n\t<\/div>\n<\/div>\n<div class=\"wpb_column vc_column_container vc_col-sm-12\">\n\t<div class=\"vc_column-inner\">\n\t\t<div class=\"wpb_wrapper\">\n\t\t\t<div class=\"wpb_text_column wpb_content_element \">\n\t\t\t\t<div class=\"wpb_wrapper\">\n\t\t\t\t\t<p><label> \u00bfEres un cliente nuevo?<br \/>\n<span class=\"wpcf7-form-control-wrap\" data-name=\"menu-newclient\"><select class=\"wpcf7-form-control wpcf7-select wpcf7-validates-as-required\" aria-required=\"true\" aria-invalid=\"false\" name=\"menu-newclient\"><option value=\"\">&#8212;Please choose an option&#8212;<\/option><option value=\"S\u00ed, soy un nuevo cliente potencial\">S\u00ed, soy un nuevo cliente potencial<\/option><option value=\"No, soy un cliente actual\">No, soy un cliente actual<\/option><option value=\"No soy ninguno de los dos.\">No soy ninguno de los dos.<\/option><\/select><\/span><\/label>\n\t\t\t\t\t<\/p>\n\t\t\t\t<\/div>\n\t\t\t<\/div>\n\t\t<\/div>\n\t<\/div>\n<\/div>\n<div class=\"wpb_column vc_column_container vc_col-sm-12\">\n\t<div class=\"vc_column-inner\">\n\t\t<div class=\"wpb_wrapper\">\n\t\t\t<div class=\"wpb_text_column wpb_content_element \">\n\t\t\t\t<div class=\"wpb_wrapper\">\n\t\t\t\t\t<p><label> Mensaje<br \/>\n<span class=\"wpcf7-form-control-wrap\" data-name=\"textarea-message\"><textarea cols=\"40\" rows=\"6\" class=\"wpcf7-form-control wpcf7-textarea wpcf7-validates-as-required\" aria-required=\"true\" aria-invalid=\"false\" name=\"textarea-message\"><\/textarea><\/span><\/label>\n\t\t\t\t\t<\/p>\n\t\t\t\t<\/div>\n\t\t\t<\/div>\n\t\t<\/div>\n\t<\/div>\n<\/div>\n<div class=\"wpb_column vc_column_container vc_col-sm-12\">\n\t<div class=\"vc_column-inner\">\n\t\t<div class=\"wpb_wrapper\">\n\t\t\t<div class=\"wpb_text_column wpb_content_element \">\n\t\t\t\t<div class=\"wpb_wrapper\">\n\t\t\t\t\t<p><span class=\"aceptacion\"><span class=\"wpcf7-form-control-wrap\" data-name=\"acceptance-671\"><span class=\"wpcf7-form-control wpcf7-acceptance\"><span class=\"wpcf7-list-item\"><label><input type=\"checkbox\" name=\"acceptance-671\" value=\"1\" aria-invalid=\"false\" \/><span class=\"wpcf7-list-item-label\">Al enviar, acepta que lo contactemos sobre su solicitud y otra informaci\u00f3n utilizando tecnolog\u00eda automatizada. La frecuencia de los mensajes var\u00eda. Se pueden aplicar tarifas de mensajes y datos. Env\u00eda STOP para cancelar. <a href=\"https:\/\/ulloa-law.com\/privacy-policy\/\" target=\"_blank\">Acepto la Pol\u00edtica de privacidad<\/a><\/span><\/label><\/span><\/span><\/span><\/span>\n\t\t\t\t\t<\/p>\n\t\t\t\t<\/div>\n\t\t\t<\/div>\n\t\t<\/div>\n\t<\/div>\n<\/div>\n<div class=\"wpb_column vc_column_container vc_col-sm-12\">\n\t<div class=\"vc_column-inner\">\n\t\t<div class=\"wpb_wrapper\">\n\t\t\t<div class=\"wpb_text_column wpb_content_element \">\n\t\t\t\t<div class=\"wpb_wrapper\">\n\t\t\t\t\t<center class=\"plus\">\n\t\t\t\t\t\t<p><input class=\"wpcf7-form-control wpcf7-submit has-spinner\" type=\"submit\" value=\"ENVIAR INFORMACI\u00d3N\" \/>\n\t\t\t\t\t\t<\/p>\n\t\t\t\t\t<\/center>\n\t\t\t\t<\/div>\n\t\t\t<\/div>\n\t\t<\/div>\n\t<\/div>\n<\/div><div class=\"wpcf7-response-output\" aria-hidden=\"true\"><\/div>\n<\/form>\n<\/div>\n[\/vc_column][\/vc_row][vc_row full_width=\u00bbstretch_row\u00bb gap=\u00bb35&#8243; content_placement=\u00bbmiddle\u00bb css=\u00bb.vc_custom_1711961967801{padding-top: 50px !important;padding-bottom: 50px !important;background-color: #001137 !important;}\u00bb][vc_column width=\u00bb1\/2&#8243;][vc_column_text el_class=\u00bbtxtBlanco\u00bb]<\/p>\n<h1>Servicios asequibles y de alta calidad<\/h1>\n<p>Ulloa Law, LLC ofrece un conjunto de servicios legales integrales para ayudar a los clientes a navegar disputas empresariales y de derecho comercial. Desde individuos hasta corporaciones, equipamos a nuestros clientes con los recursos que necesitan para obtener resultados exitosos en litigios o procedimientos de arbitraje. Gracias a nuestra amplia experiencia en estrategias de resoluci\u00f3n de disputas, evaluamos cuidadosamente las situaciones para alcanzar soluciones pr\u00e1cticas que satisfagan tanto las necesidades como los objetivos de nuestros clientes.<\/p>\n<p><strong>Nuestros abogados est\u00e1n equipados para ayudar con procedimientos judiciales, litigios y asuntos de arbitraje relacionados con una serie de disputas empresariales y de derecho comercial, que incluyen, entre otras:\u00a0<\/strong><\/p>\n<ul>\n<li>Incumplimiento de acuerdos de no competencia y secretos comerciales<\/li>\n<li>Disoluci\u00f3n de negocios<\/li>\n<li>Formaci\u00f3n de negocios<\/li>\n<li>Inmigraci\u00f3n de negocios<\/li>\n<li>Disputas contractuales<\/li>\n<li>Incumplimiento del deber<\/li>\n<li>Acuerdos de asociaci\u00f3n<\/li>\n<li>Disputas entre socios<\/li>\n<li>Disputas entre accionistas<\/li>\n<\/ul>\n<p><strong>\u00bfTodav\u00eda tiene preguntas sobre c\u00f3mo nuestros abogados en Doral pueden ayudar? Llame al (305) 783-3097 o <\/strong><a href=\"https:\/\/www.ulloa-law.com\/es\/contacto\/\"><strong>cont\u00e1ctenos online<\/strong><\/a><strong> para programar una consulta inicial y hablar con un miembro de nuestro equipo.\u00a0<\/strong>[\/vc_column_text][\/vc_column][vc_column width=\u00bb1\/2&#8243;][vc_single_image image=\u00bb370&#8243; img_size=\u00bbfull\u00bb el_class=\u00bbimagenBorde\u00bb][\/vc_column][\/vc_row][vc_row disable_element=\u00bbyes\u00bb css=\u00bb.vc_custom_1712050422011{padding-top: 50px !important;}\u00bb][vc_column][vc_column_text]<\/p>\n<h1 style=\"text-align: center;\">What Is a Petition to Register Foreign Judgement in Florida?<\/h1>\n<p>[\/vc_column_text][vc_row_inner el_class=\u00bbbordeDer espaciado\u00bb][vc_column_inner width=\u00bb1\/2&#8243;][vc_column_text]If you or your former spouse\/co-parent have relocated to the state of Florida, then you may be able to seek enforcement or modification of a Final Judgment from another country through domestication with the courts. Under Florida law, divorce or paternity judgments issued by other states and countries are considered \u00abforeign\u00bb judgments, and to be recognized and enforced by the state, they must first be domesticated. In Honduras, judgments issued by foreign courts can be registered, as long as the requirements established by law are met. In Honduras, this approval procedure is known as pareatis, auto de pareatis or exequatur. Exequatur means to execute, different from the other conception that we have; the authorization given by the State to practice as a notary.<\/p>\n<p>The Code of Private International Law or Code of Bustamante (La Habana (1928)), refers in the tenth title, to the execution of sentences handed down by foreign courts (articles 423 to 433). Any civil or contentious-administrative sentence handed down in one of the contracting states (America), will have force and may be executed in the others. In addition, the translation of the documents by an official interpreter of the state in which it is to be executed is required.[\/vc_column_text][\/vc_column_inner][vc_column_inner width=\u00bb1\/2&#8243;][vc_column_text]The Code of Common Procedures has also required the legalization of documents. There is something interesting that Bustamante includes, and that is that the execution of the sentences handed down by arbitrators or friendly compositors can be requested. (Article 432). Another interesting issue that Bustamante includes is criminal matters: \u00abNo contracting state will execute the sentences handed down in one of the others in criminal matters, in terms of sanctions of that order that they impose.\u00bb (Article 436), although said sentences can be executed with regard to civil liability. (Article 437).<\/p>\n<p>The request for Auto Pariatis is presented before the General Secretary of the Supreme Court of Justice of Honduras, to proceed with the validation of the documents, and then they are sent to the Court that by Jurisdiction is responsible for Registering or Executing a sentence issued abroad. Once filed, all parties involved in the original judgment must be notified. Once this is complete, a hearing will be held to determine if the foreign judgment should be registered and enforced in Honduras.<\/p>\n<p>If registration is granted, then the foreign judgment becomes enforceable as if it were issued by a court in Honduras. This means that creditors can take steps such as garnishing wages or levying bank accounts to collect on their debt. It also protects against any attempts to discharge or modify the original judgment without permission from both parties involved.[\/vc_column_text][\/vc_column_inner][\/vc_row_inner][\/vc_column][\/vc_row][vc_row full_width=\u00bbstretch_row\u00bb css=\u00bb.vc_custom_1711712542222{margin-bottom: -35px !important;padding-top: 150px !important;padding-bottom: 150px !important;background-image: url(http:\/\/ulloa-law.com\/wp-content\/uploads\/2024\/03\/mainstage-v2-bg.2303201245340.jpg?id=320) !important;background-position: center !important;background-repeat: no-repeat !important;background-size: cover !important;}\u00bb el_class=\u00bbaccionContacto1&#8243;][vc_column width=\u00bb1\/2&#8243; css=\u00bb.vc_custom_1711704995273{padding-top: 75px !important;padding-right: 100px !important;padding-bottom: 50px !important;padding-left: 100px !important;background-color: #001137 !important;}\u00bb][vc_column_text]<\/p>\n<h1>PONGA M\u00c1S DE 20 A\u00d1OS DE EXPERIENCIA DE SU LADO<\/h1>\n<p>[\/vc_column_text][vc_column_text]P\u00f3ngase en contacto con Ulloa Law para programar una consulta gratis en la que discutir sus inquietudes legales: (305) 783-3097.[\/vc_column_text][vc_column_text]<a href=\"http:\/\/ulloa-law.com\/es\/contacto\/\">Cont\u00e1ctenos<\/a>[\/vc_column_text][\/vc_column][vc_column width=\u00bb1\/2&#8243; offset=\u00bbvc_hidden-md vc_hidden-sm vc_hidden-xs\u00bb][\/vc_column][\/vc_row]<\/p>\n<\/div>","protected":false},"excerpt":{"rendered":"<p>[vc_row full_width=\u00bbstretch_row\u00bb css=\u00bb.vc_custom_1712050580672{padding-top: 100px !important;padding-bottom: 100px !important;background-image: url(http:\/\/ulloa-law.com\/wp-content\/uploads\/2024\/03\/sub-banner-v1-bg.2303201309062.jpg?id=604) !important;background-position: center !important;background-repeat: no-repeat !important;background-size: cover !important;}\u00bb el_class=\u00bbcabeceraInterior\u00bb][vc_column width=\u00bb1\/2&#8243;][\/vc_column][vc_column width=\u00bb1\/2&#8243; css=\u00bb.vc_custom_1711622887942{padding-top: 125px !important;padding-right: 50px !important;padding-bottom: 75px !important;padding-left: 75px<span class=\"excerpt-hellip\"> [\u2026]<\/span><\/p>\n","protected":false},"author":1,"featured_media":0,"parent":603,"menu_order":0,"comment_status":"closed","ping_status":"closed","template":"","meta":{"footnotes":""},"class_list":["post-639","page","type-page","status-publish","hentry"],"aioseo_notices":[],"_links":{"self":[{"href":"https:\/\/ulloa-law.com\/es\/wp-json\/wp\/v2\/pages\/639","targetHints":{"allow":["GET"]}}],"collection":[{"href":"https:\/\/ulloa-law.com\/es\/wp-json\/wp\/v2\/pages"}],"about":[{"href":"https:\/\/ulloa-law.com\/es\/wp-json\/wp\/v2\/types\/page"}],"author":[{"embeddable":true,"href":"https:\/\/ulloa-law.com\/es\/wp-json\/wp\/v2\/users\/1"}],"replies":[{"embeddable":true,"href":"https:\/\/ulloa-law.com\/es\/wp-json\/wp\/v2\/comments?post=639"}],"version-history":[{"count":3,"href":"https:\/\/ulloa-law.com\/es\/wp-json\/wp\/v2\/pages\/639\/revisions"}],"predecessor-version":[{"id":643,"href":"https:\/\/ulloa-law.com\/es\/wp-json\/wp\/v2\/pages\/639\/revisions\/643"}],"up":[{"embeddable":true,"href":"https:\/\/ulloa-law.com\/es\/wp-json\/wp\/v2\/pages\/603"}],"wp:attachment":[{"href":"https:\/\/ulloa-law.com\/es\/wp-json\/wp\/v2\/media?parent=639"}],"curies":[{"name":"wp","href":"https:\/\/api.w.org\/{rel}","templated":true}]}}