{"id":656,"date":"2024-04-01T06:09:30","date_gmt":"2024-04-01T10:09:30","guid":{"rendered":"http:\/\/ulloa-law.com\/?page_id=656"},"modified":"2024-04-02T06:09:51","modified_gmt":"2024-04-02T10:09:51","slug":"propiedad-intelectual","status":"publish","type":"page","link":"https:\/\/ulloa-law.com\/es\/areas-de-practica\/propiedad-intelectual\/","title":{"rendered":"Propiedad intelectual"},"content":{"rendered":"<div class=\"wpb-content-wrapper\"><p>[vc_row full_width=\u00bbstretch_row\u00bb css=\u00bb.vc_custom_1712050580672{padding-top: 100px !important;padding-bottom: 100px !important;background-image: url(http:\/\/ulloa-law.com\/wp-content\/uploads\/2024\/03\/sub-banner-v1-bg.2303201309062.jpg?id=604) !important;background-position: center !important;background-repeat: no-repeat !important;background-size: cover !important;}\u00bb el_class=\u00bbcabeceraInterior\u00bb][vc_column width=\u00bb1\/2&#8243;][\/vc_column][vc_column width=\u00bb1\/2&#8243; css=\u00bb.vc_custom_1711622887942{padding-top: 125px !important;padding-right: 50px !important;padding-bottom: 75px !important;padding-left: 75px !important;background-color: #001137 !important;}\u00bb][vc_column_text]<\/p>\n<h1>Propiedad intelectual<\/h1>\n<p>[\/vc_column_text][\/vc_column][\/vc_row][vc_row gap=\u00bb35&#8243; equal_height=\u00bbyes\u00bb css=\u00bb.vc_custom_1711712696320{padding-top: 50px !important;padding-bottom: 50px !important;}\u00bb][vc_column width=\u00bb2\/3&#8243; el_class=\u00bbcolumnaTXTMenuVertical\u00bb][vc_column_text]<\/p>\n<h1>Abogados de propiedad intelectual en Doral<\/h1>\n<h2>Ayudando a los hondure\u00f1os en los Estados Unidos y en el extranjero a proteger sus intereses en Honduras<\/h2>\n<p>En Ulloa Law, LLC, sabemos que la propiedad intelectual es vital para el \u00e9xito de cualquier negocio. Nuestro equipo de abogados experimentados se dedica a proteger sus intereses al proporcionar servicios legales personalizados relacionados con patentes, marcas comerciales y derechos de autor.<\/p>\n<p>Con m\u00e1s de 20 a\u00f1os de experiencia a trav\u00e9s de nuestra empresa matriz, Ulloa Y Asociados, en materia de propiedad intelectual, nos esforzamos por ofrecer servicios de la m\u00e1s alta calidad y nos comprometemos a obtener resultados. Estamos orgullosos de nuestra capacidad para proporcionar soluciones creativas e innovadoras para satisfacer las necesidades \u00fanicas de nuestros clientes, dando siempre prioridad a sus mejores intereses.<\/p>\n<p><strong>Comience con su caso hoy mismo llamando al (305) 783-3097 o <\/strong><a href=\"https:\/\/www.ulloa-law.com\/es\/contacto\/\"><strong>contact\u00e1ndonos online.<\/strong><\/a><strong> Ofrecemos opciones de planes de pago.\u00a0<\/strong><\/p>\n<h3>\u00bfQu\u00e9 hacen los abogados de propiedad intelectual (PI)?<\/h3>\n<p>El desarrollo de propiedad intelectual puede requerir una inversi\u00f3n sustancial de tiempo y dinero, con un \u00e9xito potencial importante. Sin embargo, asegurarse de tener el derecho a la propiedad de sus propias creaciones es esencial para proteger este valor.<\/p>\n<p>Ah\u00ed es donde entran en juego los abogados de PI; se centran en proteger este tipo de activos ayudando a sus clientes a comprender las leyes relevantes relacionadas con los derechos de propiedad intelectual y ofreciendo orientaci\u00f3n a lo largo de todos los procesos, como las solicitudes de registro de patentes, derechos de autor o marcas comerciales.<\/p>\n<p>Los abogados de PI son esenciales para proteger la propiedad intelectual. Como asesores legales experimentados, ofrecen asesoramiento para informar y guiar a los clientes a trav\u00e9s de procesos complejos, como procedimientos judiciales y administrativos o acuerdos de licencia. Su experiencia tambi\u00e9n puede ayudar a garantizar que los activos intangibles de las empresas permanezcan a salvo del uso ilegal o la infracci\u00f3n.<\/p>\n<p><strong>Los abogados de propiedad intelectual tambi\u00e9n pueden ayudar a los clientes a:\u00a0<\/strong><\/p>\n<ul>\n<li>Completar los formularios de solicitud de registro de patentes o marcas<\/li>\n<li>Manejar la comunicaci\u00f3n con otros profesionales o empresas con respecto a su propiedad intelectual<\/li>\n<li>Interpretar leyes y reglamentos para clientes<\/li>\n<li>Representar a un individuo u organizaci\u00f3n en demandas contra partes que usan injustamente su propiedad intelectual<\/li>\n<\/ul>\n<h3>\u00bfC\u00f3mo elijo un abogado de propiedad intelectual?<\/h3>\n<p>A la hora de contratar a un abogado de propiedad intelectual, t\u00f3mese un momento para reflexionar sobre los requisitos precisos que usted tiene para obtener asesoramiento legal. \u00bfEst\u00e1 buscando una adquisici\u00f3n de patente o protecci\u00f3n contra violaciones de propiedad intelectual? Tal vez su necesidad es de menor duraci\u00f3n y se puede satisfacer con una simple consulta, pero tal vez puede requerir trabajo extenso para proteger sus intereses. Hacerse estas preguntas ayudar\u00e1 a determinar qu\u00e9 tipo de abogado se adapta mejor a sus necesidades.[\/vc_column_text][\/vc_column][vc_column width=\u00bb1\/3&#8243; el_class=\u00bbcolumnaMenuVertical accionContacto\u00bb css=\u00bb.vc_custom_1711713598510{padding-top: 75px !important;padding-right: 75px !important;padding-bottom: 50px !important;padding-left: 50px !important;background-color: #001137 !important;}\u00bb][vc_column_text]<\/p>\n<h3>\u00c1reas de pr\u00e1ctica<\/h3>\n<p>[\/vc_column_text][vc_widget_sidebar sidebar_id=\u00bbsidebar-menu-interior-vertical\u00bb][vc_column_text]<\/p>\n<h1>\u00bfLISTO PARA DISCUTIR SU CASO?<\/h1>\n<h2>CONT\u00c1CTENOS<\/h2>\n<p>[\/vc_column_text]\n<div class=\"wpcf7 no-js\" id=\"wpcf7-f591-o1\" lang=\"en-US\" dir=\"ltr\">\n<div class=\"screen-reader-response\"><p role=\"status\" aria-live=\"polite\" aria-atomic=\"true\"><\/p> <ul><\/ul><\/div>\n<form action=\"\/es\/wp-json\/wp\/v2\/pages\/656#wpcf7-f591-o1\" method=\"post\" class=\"wpcf7-form init\" aria-label=\"Contact form\" novalidate=\"novalidate\" data-status=\"init\">\n<div style=\"display: none;\">\n<input type=\"hidden\" name=\"_wpcf7\" value=\"591\" \/>\n<input type=\"hidden\" name=\"_wpcf7_version\" value=\"5.9.4\" \/>\n<input type=\"hidden\" name=\"_wpcf7_locale\" value=\"en_US\" \/>\n<input type=\"hidden\" name=\"_wpcf7_unit_tag\" value=\"wpcf7-f591-o1\" \/>\n<input type=\"hidden\" name=\"_wpcf7_container_post\" value=\"0\" \/>\n<input type=\"hidden\" name=\"_wpcf7_posted_data_hash\" value=\"\" \/>\n<\/div>\n<div class=\"wpb_column vc_column_container vc_col-sm-6\">\n\t<div class=\"vc_column-inner\">\n\t\t<div class=\"wpb_wrapper\">\n\t\t\t<div class=\"wpb_text_column wpb_content_element \">\n\t\t\t\t<div class=\"wpb_wrapper\">\n\t\t\t\t\t<p><label> Nombre<br \/>\n<span class=\"wpcf7-form-control-wrap\" data-name=\"your-name\"><input size=\"40\" class=\"wpcf7-form-control wpcf7-text wpcf7-validates-as-required\" autocomplete=\"name\" aria-required=\"true\" aria-invalid=\"false\" value=\"\" type=\"text\" name=\"your-name\" \/><\/span> <\/label>\n\t\t\t\t\t<\/p>\n\t\t\t\t<\/div>\n\t\t\t<\/div>\n\t\t<\/div>\n\t<\/div>\n<\/div>\n<div class=\"wpb_column vc_column_container vc_col-sm-6\">\n\t<div class=\"vc_column-inner\">\n\t\t<div class=\"wpb_wrapper\">\n\t\t\t<div class=\"wpb_text_column wpb_content_element \">\n\t\t\t\t<div class=\"wpb_wrapper\">\n\t\t\t\t\t<p><label> Apellidos<br \/>\n<span class=\"wpcf7-form-control-wrap\" data-name=\"your-lastname\"><input size=\"40\" class=\"wpcf7-form-control wpcf7-text wpcf7-validates-as-required\" autocomplete=\"lastname\" aria-required=\"true\" aria-invalid=\"false\" value=\"\" type=\"text\" name=\"your-lastname\" \/><\/span> <\/label>\n\t\t\t\t\t<\/p>\n\t\t\t\t<\/div>\n\t\t\t<\/div>\n\t\t<\/div>\n\t<\/div>\n<\/div>\n<div class=\"wpb_column vc_column_container vc_col-sm-6\">\n\t<div class=\"vc_column-inner\">\n\t\t<div class=\"wpb_wrapper\">\n\t\t\t<div class=\"wpb_text_column wpb_content_element \">\n\t\t\t\t<div class=\"wpb_wrapper\">\n\t\t\t\t\t<p><label> N\u00famero de tel\u00e9fono<br \/>\n<span class=\"wpcf7-form-control-wrap\" data-name=\"tel-phone\"><input size=\"40\" class=\"wpcf7-form-control wpcf7-tel wpcf7-validates-as-required wpcf7-text wpcf7-validates-as-tel\" aria-required=\"true\" aria-invalid=\"false\" value=\"\" type=\"tel\" name=\"tel-phone\" \/><\/span><\/label>\n\t\t\t\t\t<\/p>\n\t\t\t\t<\/div>\n\t\t\t<\/div>\n\t\t<\/div>\n\t<\/div>\n<\/div>\n<div class=\"wpb_column vc_column_container vc_col-sm-6\">\n\t<div class=\"vc_column-inner\">\n\t\t<div class=\"wpb_wrapper\">\n\t\t\t<div class=\"wpb_text_column wpb_content_element \">\n\t\t\t\t<div class=\"wpb_wrapper\">\n\t\t\t\t\t<p><label> Correo electr\u00f3nico<br \/>\n<span class=\"wpcf7-form-control-wrap\" data-name=\"your-email\"><input size=\"40\" class=\"wpcf7-form-control wpcf7-email wpcf7-validates-as-required wpcf7-text wpcf7-validates-as-email\" aria-required=\"true\" aria-invalid=\"false\" value=\"\" type=\"email\" name=\"your-email\" \/><\/span> <\/label>\n\t\t\t\t\t<\/p>\n\t\t\t\t<\/div>\n\t\t\t<\/div>\n\t\t<\/div>\n\t<\/div>\n<\/div>\n<div class=\"wpb_column vc_column_container vc_col-sm-12\">\n\t<div class=\"vc_column-inner\">\n\t\t<div class=\"wpb_wrapper\">\n\t\t\t<div class=\"wpb_text_column wpb_content_element \">\n\t\t\t\t<div class=\"wpb_wrapper\">\n\t\t\t\t\t<p><label> \u00bfEres un cliente nuevo?<br \/>\n<span class=\"wpcf7-form-control-wrap\" data-name=\"menu-newclient\"><select class=\"wpcf7-form-control wpcf7-select wpcf7-validates-as-required\" aria-required=\"true\" aria-invalid=\"false\" name=\"menu-newclient\"><option value=\"\">&#8212;Please choose an option&#8212;<\/option><option value=\"S\u00ed, soy un nuevo cliente potencial\">S\u00ed, soy un nuevo cliente potencial<\/option><option value=\"No, soy un cliente actual\">No, soy un cliente actual<\/option><option value=\"No soy ninguno de los dos.\">No soy ninguno de los dos.<\/option><\/select><\/span><\/label>\n\t\t\t\t\t<\/p>\n\t\t\t\t<\/div>\n\t\t\t<\/div>\n\t\t<\/div>\n\t<\/div>\n<\/div>\n<div class=\"wpb_column vc_column_container vc_col-sm-12\">\n\t<div class=\"vc_column-inner\">\n\t\t<div class=\"wpb_wrapper\">\n\t\t\t<div class=\"wpb_text_column wpb_content_element \">\n\t\t\t\t<div class=\"wpb_wrapper\">\n\t\t\t\t\t<p><label> Mensaje<br \/>\n<span class=\"wpcf7-form-control-wrap\" data-name=\"textarea-message\"><textarea cols=\"40\" rows=\"6\" class=\"wpcf7-form-control wpcf7-textarea wpcf7-validates-as-required\" aria-required=\"true\" aria-invalid=\"false\" name=\"textarea-message\"><\/textarea><\/span><\/label>\n\t\t\t\t\t<\/p>\n\t\t\t\t<\/div>\n\t\t\t<\/div>\n\t\t<\/div>\n\t<\/div>\n<\/div>\n<div class=\"wpb_column vc_column_container vc_col-sm-12\">\n\t<div class=\"vc_column-inner\">\n\t\t<div class=\"wpb_wrapper\">\n\t\t\t<div class=\"wpb_text_column wpb_content_element \">\n\t\t\t\t<div class=\"wpb_wrapper\">\n\t\t\t\t\t<p><span class=\"aceptacion\"><span class=\"wpcf7-form-control-wrap\" data-name=\"acceptance-671\"><span class=\"wpcf7-form-control wpcf7-acceptance\"><span class=\"wpcf7-list-item\"><label><input type=\"checkbox\" name=\"acceptance-671\" value=\"1\" aria-invalid=\"false\" \/><span class=\"wpcf7-list-item-label\">Al enviar, acepta que lo contactemos sobre su solicitud y otra informaci\u00f3n utilizando tecnolog\u00eda automatizada. La frecuencia de los mensajes var\u00eda. Se pueden aplicar tarifas de mensajes y datos. Env\u00eda STOP para cancelar. <a href=\"https:\/\/ulloa-law.com\/privacy-policy\/\" target=\"_blank\">Acepto la Pol\u00edtica de privacidad<\/a><\/span><\/label><\/span><\/span><\/span><\/span>\n\t\t\t\t\t<\/p>\n\t\t\t\t<\/div>\n\t\t\t<\/div>\n\t\t<\/div>\n\t<\/div>\n<\/div>\n<div class=\"wpb_column vc_column_container vc_col-sm-12\">\n\t<div class=\"vc_column-inner\">\n\t\t<div class=\"wpb_wrapper\">\n\t\t\t<div class=\"wpb_text_column wpb_content_element \">\n\t\t\t\t<div class=\"wpb_wrapper\">\n\t\t\t\t\t<center class=\"plus\">\n\t\t\t\t\t\t<p><input class=\"wpcf7-form-control wpcf7-submit has-spinner\" type=\"submit\" value=\"ENVIAR INFORMACI\u00d3N\" \/>\n\t\t\t\t\t\t<\/p>\n\t\t\t\t\t<\/center>\n\t\t\t\t<\/div>\n\t\t\t<\/div>\n\t\t<\/div>\n\t<\/div>\n<\/div><div class=\"wpcf7-response-output\" aria-hidden=\"true\"><\/div>\n<\/form>\n<\/div>\n[\/vc_column][\/vc_row][vc_row full_width=\u00bbstretch_row\u00bb gap=\u00bb35&#8243; content_placement=\u00bbmiddle\u00bb css=\u00bb.vc_custom_1711961967801{padding-top: 50px !important;padding-bottom: 50px !important;background-color: #001137 !important;}\u00bb][vc_column width=\u00bb1\/2&#8243;][vc_column_text el_class=\u00bbtxtBlanco\u00bb]<\/p>\n<h1>Abogados de propiedad intelectual para licencias y litigios nacionales e internacionales<\/h1>\n<p>La empresa matriz de Ulloa Law, LLC ha establecido una de los bufetes m\u00e1s grandes de Honduras, y ahora estamos expandiendo nuestra pr\u00e1ctica a Florida con el objetivo de ayudar a los hondure\u00f1os en nuestra comunidad local. Los hondure\u00f1os que vienen a los Estados Unidos buscando nuevas oportunidades a menudo dejan atr\u00e1s sus vidas y a sus seres queridos.<\/p>\n<p>Para garantizar que esta transici\u00f3n fluya sin problemas, nuestro objetivo es proporcionar asesoramiento legal espec\u00edfico para que estas personas puedan establecer con confianza su nueva vida aqu\u00ed en Estados Unidos mientras siguen ocup\u00e1ndose de sus asuntos en casa. Nos enfocamos principalmente en los clientes que viven en Florida, pero tambi\u00e9n ayudamos a quienes se encuentran en el extranjero, pero tienen ra\u00edces que los conectan con Honduras.<\/p>\n<p>Por lo tanto, si usted o un ser querido necesita ayuda con un caso de licencia o litigio relacionado con la propiedad intelectual, puede confiar en Ulloa Law, LLC. Conocidos por nuestra dedicaci\u00f3n por la excelencia, experiencia legal y por nuestra agresividad en los litigios, nuestros abogados pueden ayudarle a navegar su caso sin problemas.<\/p>\n<p><strong>Para obtener m\u00e1s informaci\u00f3n sobre nuestros servicios, llame al (305) 783-3097 o <\/strong><a href=\"https:\/\/www.ulloa-law.com\/es\/contacto\/\"><strong>contacte con nuestro bufete online<\/strong><\/a><strong>.\u00a0<\/strong>[\/vc_column_text][\/vc_column][vc_column width=\u00bb1\/2&#8243;][vc_single_image image=\u00bb370&#8243; img_size=\u00bbfull\u00bb el_class=\u00bbimagenBorde\u00bb][\/vc_column][\/vc_row][vc_row disable_element=\u00bbyes\u00bb css=\u00bb.vc_custom_1712050422011{padding-top: 50px !important;}\u00bb][vc_column][vc_column_text]<\/p>\n<h1 style=\"text-align: center;\">What Is a Petition to Register Foreign Judgement in Florida?<\/h1>\n<p>[\/vc_column_text][vc_row_inner el_class=\u00bbbordeDer espaciado\u00bb][vc_column_inner width=\u00bb1\/2&#8243;][vc_column_text]If you or your former spouse\/co-parent have relocated to the state of Florida, then you may be able to seek enforcement or modification of a Final Judgment from another country through domestication with the courts. Under Florida law, divorce or paternity judgments issued by other states and countries are considered \u00abforeign\u00bb judgments, and to be recognized and enforced by the state, they must first be domesticated. In Honduras, judgments issued by foreign courts can be registered, as long as the requirements established by law are met. In Honduras, this approval procedure is known as pareatis, auto de pareatis or exequatur. Exequatur means to execute, different from the other conception that we have; the authorization given by the State to practice as a notary.<\/p>\n<p>The Code of Private International Law or Code of Bustamante (La Habana (1928)), refers in the tenth title, to the execution of sentences handed down by foreign courts (articles 423 to 433). Any civil or contentious-administrative sentence handed down in one of the contracting states (America), will have force and may be executed in the others. In addition, the translation of the documents by an official interpreter of the state in which it is to be executed is required.[\/vc_column_text][\/vc_column_inner][vc_column_inner width=\u00bb1\/2&#8243;][vc_column_text]The Code of Common Procedures has also required the legalization of documents. There is something interesting that Bustamante includes, and that is that the execution of the sentences handed down by arbitrators or friendly compositors can be requested. (Article 432). Another interesting issue that Bustamante includes is criminal matters: \u00abNo contracting state will execute the sentences handed down in one of the others in criminal matters, in terms of sanctions of that order that they impose.\u00bb (Article 436), although said sentences can be executed with regard to civil liability. (Article 437).<\/p>\n<p>The request for Auto Pariatis is presented before the General Secretary of the Supreme Court of Justice of Honduras, to proceed with the validation of the documents, and then they are sent to the Court that by Jurisdiction is responsible for Registering or Executing a sentence issued abroad. Once filed, all parties involved in the original judgment must be notified. Once this is complete, a hearing will be held to determine if the foreign judgment should be registered and enforced in Honduras.<\/p>\n<p>If registration is granted, then the foreign judgment becomes enforceable as if it were issued by a court in Honduras. This means that creditors can take steps such as garnishing wages or levying bank accounts to collect on their debt. It also protects against any attempts to discharge or modify the original judgment without permission from both parties involved.[\/vc_column_text][\/vc_column_inner][\/vc_row_inner][\/vc_column][\/vc_row][vc_row full_width=\u00bbstretch_row\u00bb css=\u00bb.vc_custom_1711712542222{margin-bottom: -35px !important;padding-top: 150px !important;padding-bottom: 150px !important;background-image: url(http:\/\/ulloa-law.com\/wp-content\/uploads\/2024\/03\/mainstage-v2-bg.2303201245340.jpg?id=320) !important;background-position: center !important;background-repeat: no-repeat !important;background-size: cover !important;}\u00bb el_class=\u00bbaccionContacto1&#8243;][vc_column width=\u00bb1\/2&#8243; css=\u00bb.vc_custom_1711704995273{padding-top: 75px !important;padding-right: 100px !important;padding-bottom: 50px !important;padding-left: 100px !important;background-color: #001137 !important;}\u00bb][vc_column_text]<\/p>\n<h1>PONGA M\u00c1S DE 20 A\u00d1OS DE EXPERIENCIA DE SU LADO<\/h1>\n<p>[\/vc_column_text][vc_column_text]P\u00f3ngase en contacto con Ulloa Law para programar una consulta gratis en la que discutir sus inquietudes legales: (305) 783-3097.[\/vc_column_text][vc_column_text]<a href=\"http:\/\/ulloa-law.com\/es\/contacto\/\">Cont\u00e1ctenos<\/a>[\/vc_column_text][\/vc_column][vc_column width=\u00bb1\/2&#8243; offset=\u00bbvc_hidden-md vc_hidden-sm vc_hidden-xs\u00bb][\/vc_column][\/vc_row]<\/p>\n<\/div>","protected":false},"excerpt":{"rendered":"<p>[vc_row full_width=\u00bbstretch_row\u00bb css=\u00bb.vc_custom_1712050580672{padding-top: 100px !important;padding-bottom: 100px !important;background-image: url(http:\/\/ulloa-law.com\/wp-content\/uploads\/2024\/03\/sub-banner-v1-bg.2303201309062.jpg?id=604) !important;background-position: center !important;background-repeat: no-repeat !important;background-size: cover !important;}\u00bb el_class=\u00bbcabeceraInterior\u00bb][vc_column width=\u00bb1\/2&#8243;][\/vc_column][vc_column width=\u00bb1\/2&#8243; css=\u00bb.vc_custom_1711622887942{padding-top: 125px !important;padding-right: 50px !important;padding-bottom: 75px !important;padding-left: 75px<span class=\"excerpt-hellip\"> [\u2026]<\/span><\/p>\n","protected":false},"author":1,"featured_media":0,"parent":603,"menu_order":0,"comment_status":"closed","ping_status":"closed","template":"","meta":{"footnotes":""},"class_list":["post-656","page","type-page","status-publish","hentry"],"aioseo_notices":[],"_links":{"self":[{"href":"https:\/\/ulloa-law.com\/es\/wp-json\/wp\/v2\/pages\/656","targetHints":{"allow":["GET"]}}],"collection":[{"href":"https:\/\/ulloa-law.com\/es\/wp-json\/wp\/v2\/pages"}],"about":[{"href":"https:\/\/ulloa-law.com\/es\/wp-json\/wp\/v2\/types\/page"}],"author":[{"embeddable":true,"href":"https:\/\/ulloa-law.com\/es\/wp-json\/wp\/v2\/users\/1"}],"replies":[{"embeddable":true,"href":"https:\/\/ulloa-law.com\/es\/wp-json\/wp\/v2\/comments?post=656"}],"version-history":[{"count":1,"href":"https:\/\/ulloa-law.com\/es\/wp-json\/wp\/v2\/pages\/656\/revisions"}],"predecessor-version":[{"id":657,"href":"https:\/\/ulloa-law.com\/es\/wp-json\/wp\/v2\/pages\/656\/revisions\/657"}],"up":[{"embeddable":true,"href":"https:\/\/ulloa-law.com\/es\/wp-json\/wp\/v2\/pages\/603"}],"wp:attachment":[{"href":"https:\/\/ulloa-law.com\/es\/wp-json\/wp\/v2\/media?parent=656"}],"curies":[{"name":"wp","href":"https:\/\/api.w.org\/{rel}","templated":true}]}}