{"id":658,"date":"2024-04-01T06:23:33","date_gmt":"2024-04-01T10:23:33","guid":{"rendered":"http:\/\/ulloa-law.com\/?page_id=658"},"modified":"2024-04-02T06:14:22","modified_gmt":"2024-04-02T10:14:22","slug":"hondurenos-en-miami","status":"publish","type":"page","link":"https:\/\/ulloa-law.com\/es\/areas-de-practica\/hondurenos-en-miami\/","title":{"rendered":"Hondure\u00f1os en Miami"},"content":{"rendered":"<div class=\"wpb-content-wrapper\"><p>[vc_row full_width=\u00bbstretch_row\u00bb css=\u00bb.vc_custom_1712050580672{padding-top: 100px !important;padding-bottom: 100px !important;background-image: url(http:\/\/ulloa-law.com\/wp-content\/uploads\/2024\/03\/sub-banner-v1-bg.2303201309062.jpg?id=604) !important;background-position: center !important;background-repeat: no-repeat !important;background-size: cover !important;}\u00bb el_class=\u00bbcabeceraInterior\u00bb][vc_column width=\u00bb1\/2&#8243;][\/vc_column][vc_column width=\u00bb1\/2&#8243; css=\u00bb.vc_custom_1711622887942{padding-top: 125px !important;padding-right: 50px !important;padding-bottom: 75px !important;padding-left: 75px !important;background-color: #001137 !important;}\u00bb][vc_column_text]<\/p>\n<h1>Hondure\u00f1os en Miami<\/h1>\n<p>[\/vc_column_text][\/vc_column][\/vc_row][vc_row gap=\u00bb35&#8243; equal_height=\u00bbyes\u00bb css=\u00bb.vc_custom_1711712696320{padding-top: 50px !important;padding-bottom: 50px !important;}\u00bb][vc_column width=\u00bb2\/3&#8243; el_class=\u00bbcolumnaTXTMenuVertical\u00bb][vc_column_text]<\/p>\n<h1>ABOGADO HONDURE\u00d1O EN MIAMI<\/h1>\n<h2>UN ABOGADO PARA HONDURE\u00d1OS EN MIAMI<\/h2>\n<p>Ulloa Law, LLC es su socio de confianza para navegar el complejo panorama legal. Nuestros abogados hondure\u00f1os en Miami est\u00e1n comprometidos a brindar servicios legales inigualables, asegurando que nuestros clientes reciban la representaci\u00f3n que merecen en diversas \u00e1reas del derecho.<\/p>\n<p>Obtenga m\u00e1s informaci\u00f3n sobre c\u00f3mo nuestro abogado para hondure\u00f1os en Miami puede ayudarlo. \u00a1<a href=\"https:\/\/www.ulloa-law.com\/es\/contacto\/\"><strong>Cont\u00e1ctenos en l\u00ednea<\/strong><\/a> o llame al <a href=\"tel:(305) 783-3097\"><strong>(305) 783-3097<\/strong><\/a> hoy!<\/p>\n<h3>\u00c1REAS DE PR\u00c1CTICA<\/h3>\n<p>Nuestra amplia gama de servicios legales abarca diversas \u00e1reas de pr\u00e1ctica, asegurando que Ulloa Law sea su destino principal para una variedad de necesidades legales.<\/p>\n<h4>DERECHO CORPORATIVO<\/h4>\n<p>Navegar en el intrincado mundo del derecho corporativo requiere una comprensi\u00f3n aguda de las regulaciones tanto internacionales como locales. Ulloa Law sobresale en asesorar a empresas, desde startups hasta corporaciones establecidas, en asuntos que van desde la formaci\u00f3n de empresas y negociaciones de contratos hasta acuerdos de confidencialidad y m\u00e1s. Nuestro asesoramiento estrat\u00e9gico est\u00e1 dise\u00f1ado para proteger sus intereses y propulsar su empresa hacia el \u00e9xito.<\/p>\n<h4>DERECHO DE FAMILIA<\/h4>\n<p>En asuntos cercanos al coraz\u00f3n, conf\u00ede en Ulloa Law para brindar representaci\u00f3n compasiva y diligente. Nuestros abogados de derecho de familia manejan casos que involucran divorcio, custodia de menores, adopci\u00f3n y m\u00e1s. Reconocemos la sensibilidad de los asuntos familiares y nos esforzamos por lograr resoluciones amigables siempre que sea posible.<\/p>\n<h4>LITIGIOS<\/h4>\n<p>Cuando surgen disputas, Ulloa Law est\u00e1 listo para defender su causa en el tribunal. Nuestro abogado hondure\u00f1o en Miami posee una amplia experiencia en litigios civiles y comerciales, abogando por nuestros clientes con tenacidad y habilidad. Ya sea que enfrenta una violaci\u00f3n de contrato, reclamo de lesiones personales u otro desaf\u00edo legal, Ulloa Law es su firme aliado en la b\u00fasqueda de justicia.<\/p>\n<p>Tambi\u00e9n podemos ayudar con casos legales relacionados con bienes ra\u00edces, derecho tributario y m\u00e1s.<\/p>\n<h3>NUESTRO ENFOQUE<\/h3>\n<p>En Ulloa Law, nuestro abogado para hondure\u00f1os en Miami se toma el tiempo necesario para comprender los aspectos \u00fanicos de cada caso, adaptando nuestras estrategias para satisfacer las necesidades y objetivos espec\u00edficos de nuestros clientes. Nuestro compromiso con la excelencia es evidente en cada aspecto de nuestra pr\u00e1ctica, desde la consulta inicial hasta la resoluci\u00f3n de su asunto legal.<\/p>\n<p>Para programar una consulta con nuestro abogado hondure\u00f1o en Miami, <a href=\"https:\/\/www.ulloa-law.com\/es\/contacto\/\"><strong>cont\u00e1ctenos en l\u00ednea<\/strong><\/a> o llamando al <a href=\"tel:(305) 783-3097\"><strong>(305) 783-3097<\/strong><\/a> hoy.<\/p>\n<p>&nbsp;[\/vc_column_text][\/vc_column][vc_column width=\u00bb1\/3&#8243; el_class=\u00bbcolumnaMenuVertical accionContacto\u00bb css=\u00bb.vc_custom_1711713598510{padding-top: 75px !important;padding-right: 75px !important;padding-bottom: 50px !important;padding-left: 50px !important;background-color: #001137 !important;}\u00bb][vc_column_text]<\/p>\n<h3>\u00c1reas de pr\u00e1ctica<\/h3>\n<p>[\/vc_column_text][vc_widget_sidebar sidebar_id=\u00bbsidebar-menu-interior-vertical\u00bb][vc_column_text]<\/p>\n<h1>\u00bfLISTO PARA DISCUTIR SU CASO?<\/h1>\n<h2>CONT\u00c1CTENOS<\/h2>\n<p>[\/vc_column_text]\n<div class=\"wpcf7 no-js\" id=\"wpcf7-f591-o1\" lang=\"en-US\" dir=\"ltr\">\n<div class=\"screen-reader-response\"><p role=\"status\" aria-live=\"polite\" aria-atomic=\"true\"><\/p> <ul><\/ul><\/div>\n<form action=\"\/es\/wp-json\/wp\/v2\/pages\/658#wpcf7-f591-o1\" method=\"post\" class=\"wpcf7-form init\" aria-label=\"Contact form\" novalidate=\"novalidate\" data-status=\"init\">\n<div style=\"display: none;\">\n<input type=\"hidden\" name=\"_wpcf7\" value=\"591\" \/>\n<input type=\"hidden\" name=\"_wpcf7_version\" value=\"5.9.4\" \/>\n<input type=\"hidden\" name=\"_wpcf7_locale\" value=\"en_US\" \/>\n<input type=\"hidden\" name=\"_wpcf7_unit_tag\" value=\"wpcf7-f591-o1\" \/>\n<input type=\"hidden\" name=\"_wpcf7_container_post\" value=\"0\" \/>\n<input type=\"hidden\" name=\"_wpcf7_posted_data_hash\" value=\"\" \/>\n<\/div>\n<div class=\"wpb_column vc_column_container vc_col-sm-6\">\n\t<div class=\"vc_column-inner\">\n\t\t<div class=\"wpb_wrapper\">\n\t\t\t<div class=\"wpb_text_column wpb_content_element \">\n\t\t\t\t<div class=\"wpb_wrapper\">\n\t\t\t\t\t<p><label> Nombre<br \/>\n<span class=\"wpcf7-form-control-wrap\" data-name=\"your-name\"><input size=\"40\" class=\"wpcf7-form-control wpcf7-text wpcf7-validates-as-required\" autocomplete=\"name\" aria-required=\"true\" aria-invalid=\"false\" value=\"\" type=\"text\" name=\"your-name\" \/><\/span> <\/label>\n\t\t\t\t\t<\/p>\n\t\t\t\t<\/div>\n\t\t\t<\/div>\n\t\t<\/div>\n\t<\/div>\n<\/div>\n<div class=\"wpb_column vc_column_container vc_col-sm-6\">\n\t<div class=\"vc_column-inner\">\n\t\t<div class=\"wpb_wrapper\">\n\t\t\t<div class=\"wpb_text_column wpb_content_element \">\n\t\t\t\t<div class=\"wpb_wrapper\">\n\t\t\t\t\t<p><label> Apellidos<br \/>\n<span class=\"wpcf7-form-control-wrap\" data-name=\"your-lastname\"><input size=\"40\" class=\"wpcf7-form-control wpcf7-text wpcf7-validates-as-required\" autocomplete=\"lastname\" aria-required=\"true\" aria-invalid=\"false\" value=\"\" type=\"text\" name=\"your-lastname\" \/><\/span> <\/label>\n\t\t\t\t\t<\/p>\n\t\t\t\t<\/div>\n\t\t\t<\/div>\n\t\t<\/div>\n\t<\/div>\n<\/div>\n<div class=\"wpb_column vc_column_container vc_col-sm-6\">\n\t<div class=\"vc_column-inner\">\n\t\t<div class=\"wpb_wrapper\">\n\t\t\t<div class=\"wpb_text_column wpb_content_element \">\n\t\t\t\t<div class=\"wpb_wrapper\">\n\t\t\t\t\t<p><label> N\u00famero de tel\u00e9fono<br \/>\n<span class=\"wpcf7-form-control-wrap\" data-name=\"tel-phone\"><input size=\"40\" class=\"wpcf7-form-control wpcf7-tel wpcf7-validates-as-required wpcf7-text wpcf7-validates-as-tel\" aria-required=\"true\" aria-invalid=\"false\" value=\"\" type=\"tel\" name=\"tel-phone\" \/><\/span><\/label>\n\t\t\t\t\t<\/p>\n\t\t\t\t<\/div>\n\t\t\t<\/div>\n\t\t<\/div>\n\t<\/div>\n<\/div>\n<div class=\"wpb_column vc_column_container vc_col-sm-6\">\n\t<div class=\"vc_column-inner\">\n\t\t<div class=\"wpb_wrapper\">\n\t\t\t<div class=\"wpb_text_column wpb_content_element \">\n\t\t\t\t<div class=\"wpb_wrapper\">\n\t\t\t\t\t<p><label> Correo electr\u00f3nico<br \/>\n<span class=\"wpcf7-form-control-wrap\" data-name=\"your-email\"><input size=\"40\" class=\"wpcf7-form-control wpcf7-email wpcf7-validates-as-required wpcf7-text wpcf7-validates-as-email\" aria-required=\"true\" aria-invalid=\"false\" value=\"\" type=\"email\" name=\"your-email\" \/><\/span> <\/label>\n\t\t\t\t\t<\/p>\n\t\t\t\t<\/div>\n\t\t\t<\/div>\n\t\t<\/div>\n\t<\/div>\n<\/div>\n<div class=\"wpb_column vc_column_container vc_col-sm-12\">\n\t<div class=\"vc_column-inner\">\n\t\t<div class=\"wpb_wrapper\">\n\t\t\t<div class=\"wpb_text_column wpb_content_element \">\n\t\t\t\t<div class=\"wpb_wrapper\">\n\t\t\t\t\t<p><label> \u00bfEres un cliente nuevo?<br \/>\n<span class=\"wpcf7-form-control-wrap\" data-name=\"menu-newclient\"><select class=\"wpcf7-form-control wpcf7-select wpcf7-validates-as-required\" aria-required=\"true\" aria-invalid=\"false\" name=\"menu-newclient\"><option value=\"\">&#8212;Please choose an option&#8212;<\/option><option value=\"S\u00ed, soy un nuevo cliente potencial\">S\u00ed, soy un nuevo cliente potencial<\/option><option value=\"No, soy un cliente actual\">No, soy un cliente actual<\/option><option value=\"No soy ninguno de los dos.\">No soy ninguno de los dos.<\/option><\/select><\/span><\/label>\n\t\t\t\t\t<\/p>\n\t\t\t\t<\/div>\n\t\t\t<\/div>\n\t\t<\/div>\n\t<\/div>\n<\/div>\n<div class=\"wpb_column vc_column_container vc_col-sm-12\">\n\t<div class=\"vc_column-inner\">\n\t\t<div class=\"wpb_wrapper\">\n\t\t\t<div class=\"wpb_text_column wpb_content_element \">\n\t\t\t\t<div class=\"wpb_wrapper\">\n\t\t\t\t\t<p><label> Mensaje<br \/>\n<span class=\"wpcf7-form-control-wrap\" data-name=\"textarea-message\"><textarea cols=\"40\" rows=\"6\" class=\"wpcf7-form-control wpcf7-textarea wpcf7-validates-as-required\" aria-required=\"true\" aria-invalid=\"false\" name=\"textarea-message\"><\/textarea><\/span><\/label>\n\t\t\t\t\t<\/p>\n\t\t\t\t<\/div>\n\t\t\t<\/div>\n\t\t<\/div>\n\t<\/div>\n<\/div>\n<div class=\"wpb_column vc_column_container vc_col-sm-12\">\n\t<div class=\"vc_column-inner\">\n\t\t<div class=\"wpb_wrapper\">\n\t\t\t<div class=\"wpb_text_column wpb_content_element \">\n\t\t\t\t<div class=\"wpb_wrapper\">\n\t\t\t\t\t<p><span class=\"aceptacion\"><span class=\"wpcf7-form-control-wrap\" data-name=\"acceptance-671\"><span class=\"wpcf7-form-control wpcf7-acceptance\"><span class=\"wpcf7-list-item\"><label><input type=\"checkbox\" name=\"acceptance-671\" value=\"1\" aria-invalid=\"false\" \/><span class=\"wpcf7-list-item-label\">Al enviar, acepta que lo contactemos sobre su solicitud y otra informaci\u00f3n utilizando tecnolog\u00eda automatizada. La frecuencia de los mensajes var\u00eda. Se pueden aplicar tarifas de mensajes y datos. Env\u00eda STOP para cancelar. <a href=\"https:\/\/ulloa-law.com\/privacy-policy\/\" target=\"_blank\">Acepto la Pol\u00edtica de privacidad<\/a><\/span><\/label><\/span><\/span><\/span><\/span>\n\t\t\t\t\t<\/p>\n\t\t\t\t<\/div>\n\t\t\t<\/div>\n\t\t<\/div>\n\t<\/div>\n<\/div>\n<div class=\"wpb_column vc_column_container vc_col-sm-12\">\n\t<div class=\"vc_column-inner\">\n\t\t<div class=\"wpb_wrapper\">\n\t\t\t<div class=\"wpb_text_column wpb_content_element \">\n\t\t\t\t<div class=\"wpb_wrapper\">\n\t\t\t\t\t<center class=\"plus\">\n\t\t\t\t\t\t<p><input class=\"wpcf7-form-control wpcf7-submit has-spinner\" type=\"submit\" value=\"ENVIAR INFORMACI\u00d3N\" \/>\n\t\t\t\t\t\t<\/p>\n\t\t\t\t\t<\/center>\n\t\t\t\t<\/div>\n\t\t\t<\/div>\n\t\t<\/div>\n\t<\/div>\n<\/div><div class=\"wpcf7-response-output\" aria-hidden=\"true\"><\/div>\n<\/form>\n<\/div>\n[\/vc_column][\/vc_row][vc_row full_width=\u00bbstretch_row\u00bb gap=\u00bb35&#8243; content_placement=\u00bbmiddle\u00bb disable_element=\u00bbyes\u00bb css=\u00bb.vc_custom_1712052857767{padding-top: 50px !important;padding-bottom: 50px !important;background-color: #001137 !important;}\u00bb][vc_column width=\u00bb1\/2&#8243;][vc_column_text el_class=\u00bbtxtBlanco\u00bb]<\/p>\n<h1>Servicios de derecho tributario en los que puede confiar<\/h1>\n<p>\u00bfBusca un equipo legal que gestione sus asuntos fiscales hondure\u00f1os? Puede confiar en que Ulloa Law, LLC le proporcionar\u00e1 representaci\u00f3n legal de alto nivel. Nuestros abogados experimentados tienen un historial ejemplar, superando las expectativas de los clientes cada vez que aceptan un caso. Nuestro compromiso por ofrecer servicios atentos y personalizados es la raz\u00f3n por la que nos hemos ganado la confianza de nuestros clientes, y puede estar seguro de que al trabajar con nosotros recibir\u00e1 soluciones personalizadas.<\/p>\n<p><strong>Descubra lo que pueden ofrecerle nuestros abogados de derecho tributario en Doral: llame al para <\/strong><a href=\"https:\/\/www.ulloa-law.com\/es\/contacto\/\"><strong>programar una consulta inicial <\/strong><\/a><strong>hoy mismo.\u00a0<\/strong><\/p>\n<p>[\/vc_column_text][\/vc_column][vc_column width=\u00bb1\/2&#8243;][vc_single_image image=\u00bb370&#8243; img_size=\u00bbfull\u00bb el_class=\u00bbimagenBorde\u00bb][\/vc_column][\/vc_row][vc_row disable_element=\u00bbyes\u00bb css=\u00bb.vc_custom_1712050422011{padding-top: 50px !important;}\u00bb][vc_column][vc_column_text]<\/p>\n<h1 style=\"text-align: center;\">What Is a Petition to Register Foreign Judgement in Florida?<\/h1>\n<p>[\/vc_column_text][vc_row_inner el_class=\u00bbbordeDer espaciado\u00bb][vc_column_inner width=\u00bb1\/2&#8243;][vc_column_text]If you or your former spouse\/co-parent have relocated to the state of Florida, then you may be able to seek enforcement or modification of a Final Judgment from another country through domestication with the courts. Under Florida law, divorce or paternity judgments issued by other states and countries are considered \u00abforeign\u00bb judgments, and to be recognized and enforced by the state, they must first be domesticated. In Honduras, judgments issued by foreign courts can be registered, as long as the requirements established by law are met. In Honduras, this approval procedure is known as pareatis, auto de pareatis or exequatur. Exequatur means to execute, different from the other conception that we have; the authorization given by the State to practice as a notary.<\/p>\n<p>The Code of Private International Law or Code of Bustamante (La Habana (1928)), refers in the tenth title, to the execution of sentences handed down by foreign courts (articles 423 to 433). Any civil or contentious-administrative sentence handed down in one of the contracting states (America), will have force and may be executed in the others. In addition, the translation of the documents by an official interpreter of the state in which it is to be executed is required.[\/vc_column_text][\/vc_column_inner][vc_column_inner width=\u00bb1\/2&#8243;][vc_column_text]The Code of Common Procedures has also required the legalization of documents. There is something interesting that Bustamante includes, and that is that the execution of the sentences handed down by arbitrators or friendly compositors can be requested. (Article 432). Another interesting issue that Bustamante includes is criminal matters: \u00abNo contracting state will execute the sentences handed down in one of the others in criminal matters, in terms of sanctions of that order that they impose.\u00bb (Article 436), although said sentences can be executed with regard to civil liability. (Article 437).<\/p>\n<p>The request for Auto Pariatis is presented before the General Secretary of the Supreme Court of Justice of Honduras, to proceed with the validation of the documents, and then they are sent to the Court that by Jurisdiction is responsible for Registering or Executing a sentence issued abroad. Once filed, all parties involved in the original judgment must be notified. Once this is complete, a hearing will be held to determine if the foreign judgment should be registered and enforced in Honduras.<\/p>\n<p>If registration is granted, then the foreign judgment becomes enforceable as if it were issued by a court in Honduras. This means that creditors can take steps such as garnishing wages or levying bank accounts to collect on their debt. It also protects against any attempts to discharge or modify the original judgment without permission from both parties involved.[\/vc_column_text][\/vc_column_inner][\/vc_row_inner][\/vc_column][\/vc_row][vc_row full_width=\u00bbstretch_row\u00bb css=\u00bb.vc_custom_1711712542222{margin-bottom: -35px !important;padding-top: 150px !important;padding-bottom: 150px !important;background-image: url(http:\/\/ulloa-law.com\/wp-content\/uploads\/2024\/03\/mainstage-v2-bg.2303201245340.jpg?id=320) !important;background-position: center !important;background-repeat: no-repeat !important;background-size: cover !important;}\u00bb el_class=\u00bbaccionContacto1&#8243;][vc_column width=\u00bb1\/2&#8243; css=\u00bb.vc_custom_1711704995273{padding-top: 75px !important;padding-right: 100px !important;padding-bottom: 50px !important;padding-left: 100px !important;background-color: #001137 !important;}\u00bb][vc_column_text]<\/p>\n<h1>PONGA M\u00c1S DE 20 A\u00d1OS DE EXPERIENCIA DE SU LADO<\/h1>\n<p>[\/vc_column_text][vc_column_text]P\u00f3ngase en contacto con Ulloa Law para programar una consulta gratis en la que discutir sus inquietudes legales: (305) 783-3097.[\/vc_column_text][vc_column_text]<a href=\"http:\/\/ulloa-law.com\/es\/contacto\/\">Cont\u00e1ctenos<\/a>[\/vc_column_text][\/vc_column][vc_column width=\u00bb1\/2&#8243; offset=\u00bbvc_hidden-md vc_hidden-sm vc_hidden-xs\u00bb][\/vc_column][\/vc_row]<\/p>\n<\/div>","protected":false},"excerpt":{"rendered":"<p>[vc_row full_width=\u00bbstretch_row\u00bb css=\u00bb.vc_custom_1712050580672{padding-top: 100px !important;padding-bottom: 100px !important;background-image: url(http:\/\/ulloa-law.com\/wp-content\/uploads\/2024\/03\/sub-banner-v1-bg.2303201309062.jpg?id=604) !important;background-position: center !important;background-repeat: no-repeat !important;background-size: cover !important;}\u00bb el_class=\u00bbcabeceraInterior\u00bb][vc_column width=\u00bb1\/2&#8243;][\/vc_column][vc_column width=\u00bb1\/2&#8243; css=\u00bb.vc_custom_1711622887942{padding-top: 125px !important;padding-right: 50px !important;padding-bottom: 75px !important;padding-left: 75px<span class=\"excerpt-hellip\"> [\u2026]<\/span><\/p>\n","protected":false},"author":1,"featured_media":0,"parent":603,"menu_order":0,"comment_status":"closed","ping_status":"closed","template":"","meta":{"footnotes":""},"class_list":["post-658","page","type-page","status-publish","hentry"],"aioseo_notices":[],"_links":{"self":[{"href":"https:\/\/ulloa-law.com\/es\/wp-json\/wp\/v2\/pages\/658","targetHints":{"allow":["GET"]}}],"collection":[{"href":"https:\/\/ulloa-law.com\/es\/wp-json\/wp\/v2\/pages"}],"about":[{"href":"https:\/\/ulloa-law.com\/es\/wp-json\/wp\/v2\/types\/page"}],"author":[{"embeddable":true,"href":"https:\/\/ulloa-law.com\/es\/wp-json\/wp\/v2\/users\/1"}],"replies":[{"embeddable":true,"href":"https:\/\/ulloa-law.com\/es\/wp-json\/wp\/v2\/comments?post=658"}],"version-history":[{"count":1,"href":"https:\/\/ulloa-law.com\/es\/wp-json\/wp\/v2\/pages\/658\/revisions"}],"predecessor-version":[{"id":659,"href":"https:\/\/ulloa-law.com\/es\/wp-json\/wp\/v2\/pages\/658\/revisions\/659"}],"up":[{"embeddable":true,"href":"https:\/\/ulloa-law.com\/es\/wp-json\/wp\/v2\/pages\/603"}],"wp:attachment":[{"href":"https:\/\/ulloa-law.com\/es\/wp-json\/wp\/v2\/media?parent=658"}],"curies":[{"name":"wp","href":"https:\/\/api.w.org\/{rel}","templated":true}]}}